{"id":22187,"date":"2025-10-03T14:02:01","date_gmt":"2025-10-03T14:02:01","guid":{"rendered":"https:\/\/www.bonsaiadvanced.com\/?post_type=product&#038;p=22187"},"modified":"2025-10-03T14:31:27","modified_gmt":"2025-10-03T14:31:27","slug":"ultris-xmr","status":"publish","type":"product","link":"https:\/\/www.bonsaiadvanced.com\/fr\/producto\/analyse-spectrale\/imagerie-hyperspectrale\/ultris-xmr\/","title":{"rendered":"ULTRIS XMR \u2013 Cam\u00e9ra hyperspectrale haute r\u00e9solution"},"content":{"rendered":"<p data-start=\"450\" data-end=\"848\">L\u2019<strong data-start=\"479\" data-end=\"493\">ULTRIS XMR<\/strong> est une cam\u00e9ra hyperspectrale haute r\u00e9solution con\u00e7ue pour r\u00e9volutionner la capture et l\u2019analyse d\u2019images dans de nombreux secteurs. Sa capacit\u00e9 \u00e0 enregistrer <strong data-start=\"653\" data-end=\"714\">61 bandes spectrales simultan\u00e9ment en 1 m\u00e9gapixel chacune<\/strong> permet de r\u00e9aliser <strong data-start=\"734\" data-end=\"791\">des images en temps r\u00e9el et de la spectroscopie vid\u00e9o<\/strong>, fournissant des donn\u00e9es d\u2019une qualit\u00e9 exceptionnelle.<\/p>\n<p data-start=\"850\" data-end=\"1248\">Gr\u00e2ce \u00e0 sa conception robuste et facile \u00e0 utiliser, elle est id\u00e9ale aussi bien pour les <strong data-start=\"938\" data-end=\"954\">laboratoires<\/strong> que pour des applications <strong data-start=\"981\" data-end=\"995\">de terrain<\/strong>, allant de la recherche scientifique \u00e0 la surveillance et au suivi dynamique. En outre, sa compatibilit\u00e9 avec le logiciel <strong data-start=\"1118\" data-end=\"1130\">Cuvis.ai<\/strong> permet d\u2019utiliser <strong data-start=\"1149\" data-end=\"1180\">l\u2019intelligence artificielle<\/strong> pour une classification rapide et pr\u00e9cise des surfaces en direct.<\/p>\n<p data-start=\"1250\" data-end=\"1620\">L\u2019ULTRIS XMR se distingue par son <strong data-start=\"1284\" data-end=\"1323\">adaptabilit\u00e9 et sa personnalisation<\/strong>, permettant d\u2019ajuster la plage de longueurs d\u2019onde, le nombre de bandes spectrales et les configurations d\u2019objectifs en fonction des besoins sp\u00e9cifiques. Avec jusqu\u2019\u00e0 <strong data-start=\"1491\" data-end=\"1501\">17 fps<\/strong> et une connectivit\u00e9 <strong data-start=\"1522\" data-end=\"1533\">USB 3.0<\/strong>, elle garantit un traitement rapide et efficace m\u00eame dans des conditions exigeantes.<\/p>\n<p data-start=\"1622\" data-end=\"1819\">En somme, l\u2019ULTRIS XMR n\u2019est pas seulement une cam\u00e9ra, mais une <strong data-start=\"1686\" data-end=\"1733\">solution compl\u00e8te d\u2019imagerie hyperspectrale<\/strong> qui renforce la prise de d\u00e9cision gr\u00e2ce \u00e0 des donn\u00e9es fiables, rapides et pr\u00e9cises.<\/p>\n<h3 data-start=\"1622\" data-end=\"1819\">Tableau des sp\u00e9cifications<\/h3>\n\n<table id=\"tablepress-176\" class=\"tablepress tablepress-id-176\">\n<tbody class=\"row-striping row-hover\">\n<tr class=\"row-1\">\n\t<td class=\"column-1\">Optique interchangeable<\/td><td class=\"column-2\">C-Mount 4\/3\u2019\u2019<\/td>\n<\/tr>\n<tr class=\"row-2\">\n\t<td class=\"column-1\">Champ de vision (FOV)<\/td><td class=\"column-2\">D\u00e9pend de l\u2019objectif<\/td>\n<\/tr>\n<tr class=\"row-3\">\n\t<td class=\"column-1\">Profondeur de donn\u00e9es<\/td><td class=\"column-2\">12 bits<\/td>\n<\/tr>\n<tr class=\"row-4\">\n\t<td class=\"column-1\">Vitesse maximale d\u2019acquisition<\/td><td class=\"column-2\">17 fps (8 bits) \/ 12 fps (12 bits)<\/td>\n<\/tr>\n<tr class=\"row-5\">\n\t<td class=\"column-1\">Interface de donn\u00e9es<\/td><td class=\"column-2\">USB 3.0<\/td>\n<\/tr>\n<tr class=\"row-6\">\n\t<td class=\"column-1\">Capteur<\/td><td class=\"column-2\">Sony IMX540<\/td>\n<\/tr>\n<tr class=\"row-7\">\n\t<td class=\"column-1\">Taille de fichier trait\u00e9e<\/td><td class=\"column-2\">~300 Mo<\/td>\n<\/tr>\n<tr class=\"row-8\">\n\t<td class=\"column-1\">Poids<\/td><td class=\"column-2\">700 g<\/td>\n<\/tr>\n<tr class=\"row-9\">\n\t<td class=\"column-1\">Dimensions<\/td><td class=\"column-2\">40 x 40 x 217 mm<\/td>\n<\/tr>\n<tr class=\"row-10\">\n\t<td class=\"column-1\">Options<\/td><td class=\"column-2\">Plage de longueurs d\u2019onde personnalisable<\/td>\n<\/tr>\n<tr class=\"row-11\">\n\t<td class=\"column-1\">Technologie<\/td><td class=\"column-2\">Light Field<\/td>\n<\/tr>\n<tr class=\"row-12\">\n\t<td class=\"column-1\">Mode de lecture<\/td><td class=\"column-2\">Global Shutter<\/td>\n<\/tr>\n<tr class=\"row-13\">\n\t<td class=\"column-1\">R\u00e9solution spatiale<\/td><td class=\"column-2\">1000 x 1000 pixels<\/td>\n<\/tr>\n<tr class=\"row-14\">\n\t<td class=\"column-1\">Plage spectrale<\/td><td class=\"column-2\">430 \u2013 910 nm<\/td>\n<\/tr>\n<tr class=\"row-15\">\n\t<td class=\"column-1\">Bandes spectrales<\/td><td class=\"column-2\">61<\/td>\n<\/tr>\n<tr class=\"row-16\">\n\t<td class=\"column-1\">\u00c9chantillonnage spectral<\/td><td class=\"column-2\">8 nm<\/td>\n<\/tr>\n<tr class=\"row-17\">\n\t<td class=\"column-1\">FWHM<\/td><td class=\"column-2\">Constant 25 nm<\/td>\n<\/tr>\n<tr class=\"row-18\">\n\t<td class=\"column-1\">Points de donn\u00e9es spectraux<\/td><td class=\"column-2\">61 x 1 000 000 (61 M)<\/td>\n<\/tr>\n<tr class=\"row-19\">\n\t<td class=\"column-1\">Filtre<\/td><td class=\"column-2\">Mosa\u00efque de filtres passe-bande<\/td>\n<\/tr>\n<tr class=\"row-20\">\n\t<td class=\"column-1\">Temps d\u2019int\u00e9gration<\/td><td class=\"column-2\">0,1 \u2013 1000 ms<\/td>\n<\/tr>\n<\/tbody>\n<\/table>\n<!-- #tablepress-176 from cache -->\n","protected":false},"excerpt":{"rendered":"<p>Miniaturisation de la technologie prim\u00e9e ULTRIS<\/p>\n<ul>\n<li>Cam\u00e9ra vid\u00e9o hyperspectrale de 5 MP (x, y, \u03bb)<\/li>\n<li>30 x 30 x 50 mm 120 g<\/li>\n<li>Plage spectrale : 450 &#8211; 850 nm<\/li>\n<li>51 bandes<\/li>\n<li>R\u00e9solution spatiale : 250&#215;250 px<\/li>\n<\/ul>\n","protected":false},"featured_media":22189,"comment_status":"closed","ping_status":"closed","template":"","meta":{"rs_blank_template":"","rs_page_bg_color":"","slide_template_v7":""},"product_brand":[],"product_cat":[244,247],"product_tag":[249,250,251,252,253,254,255,256,257,258,259,260,261,262,263],"class_list":{"0":"post-22187","1":"product","2":"type-product","3":"status-publish","4":"has-post-thumbnail","6":"product_cat-analyse-spectrale","7":"product_cat-imagerie-hyperspectrale","8":"product_tag-analisis-espectral-fr","9":"product_tag-bonsai-advanced-fr","10":"product_tag-camara-hsi-fr","11":"product_tag-camara-submarina-fr","12":"product_tag-campo-de-luz-fr","13":"product_tag-contenido-espectral-fr","14":"product_tag-cubert-fr","15":"product_tag-cubert-ultris-fr","16":"product_tag-gige-fr","17":"product_tag-imagen-hiperespectral-fr","18":"product_tag-interfaz-dual-fr","19":"product_tag-light-field-fr","20":"product_tag-paso-de-banda-fr","21":"product_tag-sensor-ultra-hd-fr","22":"product_tag-ultris-20-fr","24":"first","25":"instock","26":"taxable","27":"shipping-taxable","28":"product-type-simple"},"_links":{"self":[{"href":"https:\/\/www.bonsaiadvanced.com\/fr\/wp-json\/wp\/v2\/product\/22187","targetHints":{"allow":["GET"]}}],"collection":[{"href":"https:\/\/www.bonsaiadvanced.com\/fr\/wp-json\/wp\/v2\/product"}],"about":[{"href":"https:\/\/www.bonsaiadvanced.com\/fr\/wp-json\/wp\/v2\/types\/product"}],"replies":[{"embeddable":true,"href":"https:\/\/www.bonsaiadvanced.com\/fr\/wp-json\/wp\/v2\/comments?post=22187"}],"wp:featuredmedia":[{"embeddable":true,"href":"https:\/\/www.bonsaiadvanced.com\/fr\/wp-json\/wp\/v2\/media\/22189"}],"wp:attachment":[{"href":"https:\/\/www.bonsaiadvanced.com\/fr\/wp-json\/wp\/v2\/media?parent=22187"}],"wp:term":[{"taxonomy":"product_brand","embeddable":true,"href":"https:\/\/www.bonsaiadvanced.com\/fr\/wp-json\/wp\/v2\/product_brand?post=22187"},{"taxonomy":"product_cat","embeddable":true,"href":"https:\/\/www.bonsaiadvanced.com\/fr\/wp-json\/wp\/v2\/product_cat?post=22187"},{"taxonomy":"product_tag","embeddable":true,"href":"https:\/\/www.bonsaiadvanced.com\/fr\/wp-json\/wp\/v2\/product_tag?post=22187"}],"curies":[{"name":"wp","href":"https:\/\/api.w.org\/{rel}","templated":true}]}}