{"id":22164,"date":"2025-09-24T10:20:07","date_gmt":"2025-09-24T10:20:07","guid":{"rendered":"https:\/\/www.bonsaiadvanced.com\/?post_type=product&#038;p=22164"},"modified":"2025-09-29T07:19:43","modified_gmt":"2025-09-29T07:19:43","slug":"sciaps-revenir","status":"publish","type":"product","link":"https:\/\/www.bonsaiadvanced.com\/fr\/producto\/analyse-spectrale\/analyseurs-nir\/sciaps-revenir\/","title":{"rendered":"SciAps reveNIR"},"content":{"rendered":"<p>Le <strong>SciAps reveNIR<\/strong> est un spectrom\u00e8tre portable de spectroscopie dans le domaine visible et proche infrarouge (vis-NIR), d\u00e9velopp\u00e9 sp\u00e9cifiquement pour <strong>l\u2019exploration et la prospection min\u00e9rale<\/strong>. Il combine une technologie de pointe avec un design l\u00e9ger et robuste, offrant une analyse min\u00e9ralogique en temps r\u00e9el, m\u00eame dans des environnements \u00e9loign\u00e9s et difficiles.<\/p>\n<p>Apr\u00e8s l\u2019arr\u00eat de l\u2019ASD Halo, un vide est apparu sur le march\u00e9 qu\u2019aucune solution existante n\u2019a su combler. SciAps r\u00e9pond \u00e0 ce besoin avec le <strong>reveNIR<\/strong>, un appareil compact et puissant qui \u00e9tablit une nouvelle r\u00e9f\u00e9rence en spectrom\u00e9trie NIR appliqu\u00e9e \u00e0 l\u2019exploration g\u00e9ologique.<\/p>\n<p>Avec un poids inf\u00e9rieur \u00e0 2 kg (batterie incluse), il est 50 % plus petit et 1 kg plus l\u00e9ger que l\u2019ASD Halo. Son design ergonomique le rend id\u00e9al pour des campagnes dans des zones difficiles d\u2019acc\u00e8s, que ce soit en h\u00e9licopt\u00e8re, en petit avion ou lors de missions terrestres.<\/p>\n<h2>Caract\u00e9ristiques principales<\/h2>\n<ul>\n<li><strong>Spectrom\u00e8tre portable vis-NIR<\/strong> (350 \u2013 2510 nm).<\/li>\n<li><strong>Identification et analyse des min\u00e9raux sur le terrain<\/strong> gr\u00e2ce aux spectres de r\u00e9flectance.<\/li>\n<li><strong>Biblioth\u00e8que spectrale de base<\/strong> comprenant 50 min\u00e9raux cl\u00e9s pour l\u2019exploration, pr\u00eate \u00e0 l\u2019emploi.<\/li>\n<li>Possibilit\u00e9 d\u2019ajouter ses propres spectres, d\u2019effectuer des soustractions et de charger des biblioth\u00e8ques publiques (comme l\u2019USGS SpecLib 7a).<\/li>\n<li>Calculs en temps r\u00e9el de param\u00e8tres spectraux critiques (<em>Al-OH, ISM \u2013 Illite Spectral Maturity, Mg-OH, Fe3t<\/em>) fournissant des informations sur la <strong>cristallinit\u00e9, la composition et les conditions g\u00e9othermiques<\/strong> li\u00e9es \u00e0 la min\u00e9ralisation.<\/li>\n<li>Construction l\u00e9g\u00e8re et r\u00e9sistante, con\u00e7ue pour des conditions de terrain extr\u00eames.<\/li>\n<\/ul>\n<h2>\u00c0 qui s\u2019adresse-t-il ?<\/h2>\n<p>G\u00e9ologues, \u00e9quipes d\u2019exploration et professionnels de l\u2019exploitation mini\u00e8re qui ont besoin d\u2019un outil fiable pour une prise de d\u00e9cision rapide et pr\u00e9cise sur le terrain.<\/p>\n<p>Le <strong>SciAps reveNIR<\/strong> transforme la mani\u00e8re dont les professionnels de l\u2019exploration g\u00e9ologique identifient les mat\u00e9riaux. Sa combinaison de <strong>portabilit\u00e9, pr\u00e9cision et technologie avanc\u00e9e<\/strong> en fait un alli\u00e9 indispensable pour toute \u00e9quipe moderne de g\u00e9osciences.<\/p>\n<h2>Sp\u00e9cifications techniques<\/h2>\n\n<table id=\"tablepress-172\" class=\"tablepress tablepress-id-172\">\n<tbody>\n<tr class=\"row-1\">\n\t<td class=\"column-1\">Sp\u00e9cification<\/td><td class=\"column-2\">D\u00e9tail<\/td>\n<\/tr>\n<tr class=\"row-2\">\n\t<td class=\"column-1\">Poids<\/td><td class=\"column-2\">4.5 lbs avec batterie<\/td>\n<\/tr>\n<tr class=\"row-3\">\n\t<td class=\"column-1\">Dimensions<\/td><td class=\"column-2\">10.74 in x 10.64 in x 3.15 in<\/td>\n<\/tr>\n<tr class=\"row-4\">\n\t<td class=\"column-1\">Source d\u2019excitation<\/td><td class=\"column-2\">Lampe halog\u00e8ne<\/td>\n<\/tr>\n<tr class=\"row-5\">\n\t<td class=\"column-1\">D\u00e9tecteur<\/td><td class=\"column-2\">VIS1 : r\u00e9seau CCD (>2000 pixels);<br \/>\nNIR1 : r\u00e9seau InGaAs (256 pixels);<br \/>\nNIR2 : InGaAs \u00e9tendu (256 pixels)<\/td>\n<\/tr>\n<tr class=\"row-6\">\n\t<td class=\"column-1\">Applications disponibles<\/td><td class=\"column-2\">Exploitation mini\u00e8re<\/td>\n<\/tr>\n<tr class=\"row-7\">\n\t<td class=\"column-1\">Plage de temp\u00e9rature ambiante<\/td><td class=\"column-2\">5\u00b0C \u00e0 40\u00b0C<\/td>\n<\/tr>\n<tr class=\"row-8\">\n\t<td class=\"column-1\">Plage analytique<\/td><td class=\"column-2\">350 nm \u00e0 2500 nm<\/td>\n<\/tr>\n<tr class=\"row-9\">\n\t<td class=\"column-1\">Traitement \u00e9lectronique<\/td><td class=\"column-2\">Processeur quad Arm\u00ae Cortex\u00ae-A53 avec unit\u00e9 de traitement neuronal (NPU) jusqu\u2019\u00e0 2.3 TOPS<\/td>\n<\/tr>\n<tr class=\"row-10\">\n\t<td class=\"column-1\">Alimentation<\/td><td class=\"column-2\">Batterie Li-ion rechargeable int\u00e9gr\u00e9e, rechargeable dans l\u2019appareil ou avec un chargeur externe; alimentation secteur; hot-swap (60 s maximum)<\/td>\n<\/tr>\n<tr class=\"row-11\">\n\t<td class=\"column-1\">\u00c9cran<\/td><td class=\"column-2\">\u00c9cran tactile couleur 3.5\u201d type smartphone \u2013 PowerVR SGX540 3D<\/td>\n<\/tr>\n<tr class=\"row-12\">\n\t<td class=\"column-1\">Communications\/Transfert de donn\u00e9es<\/td><td class=\"column-2\">USB-C, Bluetooth, Wi-Fi, GPS<\/td>\n<\/tr>\n<tr class=\"row-13\">\n\t<td class=\"column-1\">\u00c9talonnage<\/td><td class=\"column-2\">Biblioth\u00e8que min\u00e9rale int\u00e9gr\u00e9e<\/td>\n<\/tr>\n<tr class=\"row-14\">\n\t<td class=\"column-1\">V\u00e9rification de l\u2019\u00e9talonnage<\/td><td class=\"column-2\">Appareil \u00e9talonn\u00e9 en longueur d\u2019onde; en fonctionnement normal, une r\u00e9f\u00e9rence blanche externe est requise toutes les 30-60 min une fois l\u2019appareil chauff\u00e9; v\u00e9rification automatique interne pour corriger les d\u00e9rives rapides<\/td>\n<\/tr>\n<tr class=\"row-15\">\n\t<td class=\"column-1\">S\u00e9curit\u00e9<\/td><td class=\"column-2\">Utilisation prot\u00e9g\u00e9e par mot de passe (niveau utilisateur) et param\u00e8tres internes (admin)<\/td>\n<\/tr>\n<tr class=\"row-16\">\n\t<td class=\"column-1\">Cam\u00e9ras doubles<\/td><td class=\"column-2\">Deux cam\u00e9ras de 5 m\u00e9gapixels<\/td>\n<\/tr>\n<tr class=\"row-17\">\n\t<td class=\"column-1\">R\u00e9glementations<\/td><td class=\"column-2\">CE, RoHS<\/td>\n<\/tr>\n<\/tbody>\n<\/table>\n<!-- #tablepress-172 from cache -->\n","protected":false},"excerpt":{"rendered":"<p><strong>Spectrom\u00e8tre portable vis-NIR pour l\u2019exploration min\u00e9rale, avec applications en g\u00e9ologie, sols et agriculture.<\/strong> Analyseur portable de spectroscopie vis-NIR con\u00e7u pour l\u2019identification rapide des min\u00e9raux dans des conditions de terrain extr\u00eames. Compact, l\u00e9ger et fiable, le SciAps reveNIR red\u00e9finit l\u2019exploration g\u00e9ologique moderne.<\/p>\n","protected":false},"featured_media":22136,"comment_status":"closed","ping_status":"closed","template":"","meta":{"rs_blank_template":"","rs_page_bg_color":"","slide_template_v7":""},"product_brand":[],"product_cat":[244,245],"product_tag":[249,250,251,252,253,254,255,256,257,258,259,260,261,262,263],"class_list":{"0":"post-22164","1":"product","2":"type-product","3":"status-publish","4":"has-post-thumbnail","6":"product_cat-analyse-spectrale","7":"product_cat-analyseurs-nir","8":"product_tag-analisis-espectral-fr","9":"product_tag-bonsai-advanced-fr","10":"product_tag-camara-hsi-fr","11":"product_tag-camara-submarina-fr","12":"product_tag-campo-de-luz-fr","13":"product_tag-contenido-espectral-fr","14":"product_tag-cubert-fr","15":"product_tag-cubert-ultris-fr","16":"product_tag-gige-fr","17":"product_tag-imagen-hiperespectral-fr","18":"product_tag-interfaz-dual-fr","19":"product_tag-light-field-fr","20":"product_tag-paso-de-banda-fr","21":"product_tag-sensor-ultra-hd-fr","22":"product_tag-ultris-20-fr","24":"first","25":"instock","26":"taxable","27":"shipping-taxable","28":"product-type-simple"},"_links":{"self":[{"href":"https:\/\/www.bonsaiadvanced.com\/fr\/wp-json\/wp\/v2\/product\/22164","targetHints":{"allow":["GET"]}}],"collection":[{"href":"https:\/\/www.bonsaiadvanced.com\/fr\/wp-json\/wp\/v2\/product"}],"about":[{"href":"https:\/\/www.bonsaiadvanced.com\/fr\/wp-json\/wp\/v2\/types\/product"}],"replies":[{"embeddable":true,"href":"https:\/\/www.bonsaiadvanced.com\/fr\/wp-json\/wp\/v2\/comments?post=22164"}],"wp:featuredmedia":[{"embeddable":true,"href":"https:\/\/www.bonsaiadvanced.com\/fr\/wp-json\/wp\/v2\/media\/22136"}],"wp:attachment":[{"href":"https:\/\/www.bonsaiadvanced.com\/fr\/wp-json\/wp\/v2\/media?parent=22164"}],"wp:term":[{"taxonomy":"product_brand","embeddable":true,"href":"https:\/\/www.bonsaiadvanced.com\/fr\/wp-json\/wp\/v2\/product_brand?post=22164"},{"taxonomy":"product_cat","embeddable":true,"href":"https:\/\/www.bonsaiadvanced.com\/fr\/wp-json\/wp\/v2\/product_cat?post=22164"},{"taxonomy":"product_tag","embeddable":true,"href":"https:\/\/www.bonsaiadvanced.com\/fr\/wp-json\/wp\/v2\/product_tag?post=22164"}],"curies":[{"name":"wp","href":"https:\/\/api.w.org\/{rel}","templated":true}]}}