{"id":19150,"date":"2016-03-17T12:46:02","date_gmt":"2016-03-17T12:46:02","guid":{"rendered":"https:\/\/www.bonsaiadvanced.com\/producto\/non%20class\u00e9\/labspec-4-hi-res-analytical-instrument\/"},"modified":"2024-04-19T10:39:09","modified_gmt":"2024-04-19T10:39:09","slug":"labspec-4-hi-res-analytical-instrument","status":"publish","type":"product","link":"https:\/\/www.bonsaiadvanced.com\/fr\/producto\/analyse-spectrale\/analyseurs-nir\/labspec-fr\/labspec-4-hi-res-analytical-instrument\/","title":{"rendered":"LabSpec 4 Hi-Res Analytical Instrument"},"content":{"rendered":"<p><strong>L&rsquo;analyseur NIR \u00e0 r\u00e9solution spectrale sup\u00e9rieure pour la reconnaissance de caract\u00e9ristiques spectrales sp\u00e9ciales<\/strong><\/p>\n<p>Le Labspec 4 Hi-Res est un analyseur Vis-NIR con\u00e7u pour mesurer les mat\u00e9riaux \u00e0 bandes d&rsquo;absorption \u00e9troites qui peuvent n\u00e9cessiter une haute r\u00e9solution pour une identification pr\u00e9cise.<\/p>\n<p>La r\u00e9solution spectrale de 3 nm dans la r\u00e9gion VNIR et de 6 nm dans la r\u00e9gion SWIR du Labspec 4 Hi-Res offre des performances sup\u00e9rieures sur toute la plage spectrale de 350 nm \u00e0 2500 nm. La r\u00e9solution spectrale am\u00e9lior\u00e9e dans la plage (1001 nm &#8211; 2500 nm) est particuli\u00e8rement utile pour la d\u00e9tection et l&rsquo;identification de compos\u00e9s pr\u00e9sentant des caract\u00e9ristiques spectrales \u00e9troites \u00e0 ces longueurs d&rsquo;onde plus longues, tels que l&rsquo;analyse min\u00e9ralogique des sols, les produits pharmaceutiques, les cosm\u00e9tiques, les plastiques et les produits p\u00e9trochimiques.<\/p>\n<p>Les donn\u00e9es spectrales avec une r\u00e9solution SWIR de 6 nm fournissent une base solide pour la construction de mod\u00e8les de calibration chimiom\u00e9triques pr\u00e9cis, tant qualitatifs que quantitatifs. Le Labspec 4 Hi-Res est compatible avec toutes les sondes de mesure du catalogue ASD.<\/p>\n<h4><strong>The LabSpec 4 Hi-Res I <\/strong><\/h4>\n<p>Ce mod\u00e8le comprend une lampe halog\u00e8ne auxiliaire int\u00e9gr\u00e9e \u00e0 l&rsquo;appareil, ce qui est particuli\u00e8rement utile pour les mesures avec les sondes bifurqu\u00e9es ASD.<\/p>\n<p>&nbsp;<\/p>\n","protected":false},"excerpt":{"rendered":"<p>R\u00e9solution spectrale plus importante pour une meilleure discrimination des caract\u00e9ristiques<\/p>\n<ul>\n<li>R\u00e9solutions spectrale de 3 nm sur la gamme VNIR (350-1000 nm)<\/li>\n<li>\u00a0R\u00e9solutions spectrale de 6 nm sur la gamme SWIR (1001-2500 nm )<\/li>\n<\/ul>\n","protected":false},"featured_media":18688,"comment_status":"closed","ping_status":"closed","template":"","meta":{"rs_blank_template":"","rs_page_bg_color":"","slide_template_v7":""},"product_brand":[],"product_cat":[244,245,246],"product_tag":[],"class_list":{"0":"post-19150","1":"product","2":"type-product","3":"status-publish","4":"has-post-thumbnail","6":"product_cat-analyse-spectrale","7":"product_cat-analyseurs-nir","8":"product_cat-labspec-fr","10":"first","11":"instock","12":"taxable","13":"shipping-taxable","14":"product-type-grouped"},"_links":{"self":[{"href":"https:\/\/www.bonsaiadvanced.com\/fr\/wp-json\/wp\/v2\/product\/19150","targetHints":{"allow":["GET"]}}],"collection":[{"href":"https:\/\/www.bonsaiadvanced.com\/fr\/wp-json\/wp\/v2\/product"}],"about":[{"href":"https:\/\/www.bonsaiadvanced.com\/fr\/wp-json\/wp\/v2\/types\/product"}],"replies":[{"embeddable":true,"href":"https:\/\/www.bonsaiadvanced.com\/fr\/wp-json\/wp\/v2\/comments?post=19150"}],"wp:featuredmedia":[{"embeddable":true,"href":"https:\/\/www.bonsaiadvanced.com\/fr\/wp-json\/wp\/v2\/media\/18688"}],"wp:attachment":[{"href":"https:\/\/www.bonsaiadvanced.com\/fr\/wp-json\/wp\/v2\/media?parent=19150"}],"wp:term":[{"taxonomy":"product_brand","embeddable":true,"href":"https:\/\/www.bonsaiadvanced.com\/fr\/wp-json\/wp\/v2\/product_brand?post=19150"},{"taxonomy":"product_cat","embeddable":true,"href":"https:\/\/www.bonsaiadvanced.com\/fr\/wp-json\/wp\/v2\/product_cat?post=19150"},{"taxonomy":"product_tag","embeddable":true,"href":"https:\/\/www.bonsaiadvanced.com\/fr\/wp-json\/wp\/v2\/product_tag?post=19150"}],"curies":[{"name":"wp","href":"https:\/\/api.w.org\/{rel}","templated":true}]}}