{"id":18622,"date":"2022-03-07T12:14:18","date_gmt":"2022-03-07T12:14:18","guid":{"rendered":"https:\/\/www.bonsaiadvanced.com\/producto\/non%20class\u00e9\/hand-held-spectroradiometer-y-miniature-fieldspec\/"},"modified":"2024-04-19T10:11:13","modified_gmt":"2024-04-19T10:11:13","slug":"hand-held-spectroradiometer-y-miniature-fieldspec","status":"publish","type":"product","link":"https:\/\/www.bonsaiadvanced.com\/fr\/producto\/analyse-spectrale\/remote-sensing-fr\/hand-held-spectroradiometer-y-miniature-fieldspec\/","title":{"rendered":"Hand Held Spectroradiometer y Miniature FieldSpec"},"content":{"rendered":"<p>HH-S \/ F es el nuevo espectroradi\u00f3metro de mano port\u00e1til de rango espectral espectral 300-1100nm para aplicaciones en agricultura de precisi\u00f3n y seguimiento de cultivos, investigaci\u00f3n forestal, oceanograf\u00eda. El espectrorradi\u00f3metro de campo HH-S emplea un sensor de alto rendimiento, medici\u00f3n r\u00e1pida y precisa, f\u00e1cil de transportar y operar tanto en campo como en el laboratorio.<\/p>\n<p>Alta sensibilidad, eficiencia cu\u00e1ntica del detector alcance hasta el 60%, la sensibilidad NIR es del 40% m\u00e1s alto que el detector PDA tradicional, tiempo de muestreo &lt; 10 ms.<\/p>\n<p>Opcional sonda de fibra \u00f3ptica ligera y flexible y leaf clip.<\/p>\n<p>Filtro de alta precisi\u00f3n para correcci\u00f3n din\u00e1mica de corriente oscura para reducci\u00f3n del ruido espectral<\/p>\n<p>El radi\u00f3metro muestra los \u00e1ngulos de inclinaci\u00f3n de la medida, distancia del objetivo y direcci\u00f3n mediante indicador laser.<\/p>\n<p>Estuche de mano exclusivo f\u00e1cil de llevar. Control de pantalla t\u00e1ctil y software Android. Est\u00e1 configurado con un potente paquete de software con exportaci\u00f3n de datos en diferentes formatos.<\/p>\n<p>El modelo HH-SF incorpora c\u00e1mara de visi\u00f3n de la muestra.\u00a0 Cada medida de muestreo guarda una imagen del objetivo.<\/p>\n\n<table id=\"tablepress-170\" class=\"tablepress tablepress-id-170 tbody-has-connected-cells\">\n<tbody class=\"row-striping row-hover\">\n<tr class=\"row-1\">\n\t<td class=\"column-1\">Type<\/td><td class=\"column-2\">Linear CMOS sensor<\/td>\n<\/tr>\n<tr class=\"row-2\">\n\t<td class=\"column-1\">Detector<\/td><td class=\"column-2\">2048 CCD<\/td>\n<\/tr>\n<tr class=\"row-3\">\n\t<td colspan=\"2\" class=\"column-1\"><b>Optical Parameters<\/b><\/td>\n<\/tr>\n<tr class=\"row-4\">\n\t<td class=\"column-1\">Spectral Range<\/td><td class=\"column-2\">300-1100 nm<\/td>\n<\/tr>\n<tr class=\"row-5\">\n\t<td class=\"column-1\">Wavelength Accuracy<\/td><td class=\"column-2\">\u00b1 0.5 nm<\/td>\n<\/tr>\n<tr class=\"row-6\">\n\t<td class=\"column-1\">Spectral Resolution<\/td><td class=\"column-2\">1.4 nm@756nm<\/td>\n<\/tr>\n<tr class=\"row-7\">\n\t<td class=\"column-1\">FOV<\/td><td class=\"column-2\">Tiny FOV lens\uff0c1\u00ba\/8\u00ba\/15\u00ba\/25\u00baoptional<\/td>\n<\/tr>\n<tr class=\"row-8\">\n\t<td class=\"column-1\">Indicate laser wavelength<\/td><td class=\"column-2\">650 nm<\/td>\n<\/tr>\n<tr class=\"row-9\">\n\t<td class=\"column-1\">Indicate laser power<\/td><td class=\"column-2\">5 mW<\/td>\n<\/tr>\n<tr class=\"row-10\">\n\t<td class=\"column-1\">SNR<\/td><td class=\"column-2\">>800<\/td>\n<\/tr>\n<tr class=\"row-11\">\n\t<td class=\"column-1\">Spectral Sampling Interval<\/td><td class=\"column-2\">0.4nm<\/td>\n<\/tr>\n<tr class=\"row-12\">\n\t<td class=\"column-1\">Hardware spectral average<\/td><td class=\"column-2\">Highest up to 100,000 times<\/td>\n<\/tr>\n<tr class=\"row-13\">\n\t<td colspan=\"2\" class=\"column-1\"><b>Electrical parameters<\/b><\/td>\n<\/tr>\n<tr class=\"row-14\">\n\t<td class=\"column-1\">Operation system<\/td><td class=\"column-2\">Android 6.0<\/td>\n<\/tr>\n<tr class=\"row-15\">\n\t<td class=\"column-1\">Camera<\/td><td class=\"column-2\">13-mega front camera<\/td>\n<\/tr>\n<tr class=\"row-16\">\n\t<td class=\"column-1\">LCD Screen<\/td><td class=\"column-2\">5\u2033HD 720*1080 capacitive screen<\/td>\n<\/tr>\n<tr class=\"row-17\">\n\t<td class=\"column-1\">Integration Time<\/td><td class=\"column-2\">1 \u2013 10 s\/ auto integration time<\/td>\n<\/tr>\n<tr class=\"row-18\">\n\t<td class=\"column-1\">Data Export Port<\/td><td class=\"column-2\">TYPE-C3.0 \/USB 2.0, bluebooth<\/td>\n<\/tr>\n<tr class=\"row-19\">\n\t<td class=\"column-1\">Angle data<\/td><td class=\"column-2\">MC3430 gyroscope optical measure angle: 0\u00b0-180\u00b0<\/td>\n<\/tr>\n<tr class=\"row-20\">\n\t<td class=\"column-1\">Power supply<\/td><td class=\"column-2\">Built-in Li battery 5200maH<\/td>\n<\/tr>\n<tr class=\"row-21\">\n\t<td class=\"column-1\">Charging<\/td><td class=\"column-2\">USB 5V Charger<\/td>\n<\/tr>\n<tr class=\"row-22\">\n\t<td class=\"column-1\">Battery life span<\/td><td class=\"column-2\">>4H<\/td>\n<\/tr>\n<tr class=\"row-23\">\n\t<td class=\"column-1\">Working Current<\/td><td class=\"column-2\"><800mA<\/td>\n<\/tr>\n<tr class=\"row-24\">\n\t<td class=\"column-1\">Storage Temp.<\/td><td class=\"column-2\">-20\u00b0C \uff5e +65\u00b0C<\/td>\n<\/tr>\n<tr class=\"row-25\">\n\t<td class=\"column-1\">Operating Temp.<\/td><td class=\"column-2\">-10 \uff5e 45 oC<\/td>\n<\/tr>\n<tr class=\"row-26\">\n\t<td class=\"column-1\">Working Humidity<\/td><td class=\"column-2\">< 90%RH<\/td>\n<\/tr>\n<tr class=\"row-27\">\n\t<td colspan=\"2\" class=\"column-1\"><b>Physical Parameters<\/b><\/td>\n<\/tr>\n<tr class=\"row-28\">\n\t<td class=\"column-1\">IP level<\/td><td class=\"column-2\">IP65<\/td>\n<\/tr>\n<tr class=\"row-29\">\n\t<td class=\"column-1\">Dimension<\/td><td class=\"column-2\">151\u00d7157\u00d785mm<\/td>\n<\/tr>\n<tr class=\"row-30\">\n\t<td class=\"column-1\">Weight<\/td><td class=\"column-2\">1.1Kg<\/td>\n<\/tr>\n<\/tbody>\n<\/table>\n<!-- #tablepress-170 from cache -->\n<h4>Accesorios incluidos<\/h4>\n<ul>\n<li>USB Data wire<\/li>\n<li>Field fiber patch cable<\/li>\n<li>Exclusive PC software<\/li>\n<li>Charging adaptor 5V\/3\u00aa<\/li>\n<li>Cosine lens<\/li>\n<li>FOV 25\u00ba<\/li>\n<li>Standard Board<\/li>\n<li>Carry case<\/li>\n<li>White board box<\/li>\n<li>Optional Attachment<\/li>\n<li>FOV\uff0c1\u00ba\/5\u00ba\/8\u00ba\/10\u00ba\/15\u00b0 \uff08Optional\uff09<\/li>\n<li>Reflectance Probe+leave clip\uff0cReflectance measure attachment<\/li>\n<li>Indoor Light Source<\/li>\n<li>Halogen lamp attachment case\/ATG1021 INT:12V<\/li>\n<li>Measure holder+integration sphere measure transmittance<\/li>\n<li>Cuvette holder for water quality absorption measure<\/li>\n<li>Intelligent measure distance &amp; area system \uff08Only for HH-S F)<\/li>\n<\/ul>\n<h4>Descarga de Documentaci\u00f3n:<\/h4>\n<ul>\n<li><a href=\"https:\/\/www.bonsaiadvanced.com\/wp-content\/uploads\/2022\/03\/atp9100oratp9100f_FieldSpec_datasheet_BAT1.pdf\">HH-S Data-Sheet<\/a><\/li>\n<li><a href=\"https:\/\/www.bonsaiadvanced.com\/wp-content\/uploads\/2022\/03\/ATP9101_mini-fieldspec-features_2022.01.19BAT.pdf\">Mini-FS-DataSheet<\/a><\/li>\n<\/ul>\n","protected":false},"excerpt":{"rendered":"<p>Nuevo espectro-radi\u00f3metro de mano port\u00e1til basado en sensor CMOS<\/p>\n<ul>\n<li>Detector 2048 CCD<\/li>\n<li>Rango de medida 300 -1100nm<\/li>\n<li>Exactitud de longitud de onda \u00b1 0.5 nm<\/li>\n<li>Resoluci\u00f3n espectral 1.4 nm@756nm<\/li>\n<li>Intervalo de muestra 0,4nm<\/li>\n<li>Disponibles lentes FOV 1\u00ba\/8\u00ba\/15\u00ba\/25\u00ba<\/li>\n<li>Tiempo de medida &lt; 10 ms<\/li>\n<li>IP65<\/li>\n<li>USB 5V Charger \/ Battery<\/li>\n<li>Dimensiones y peso: 151\u00d7157\u00d785mm:; 1 kg<\/li>\n<li>C\u00e1mara de visi\u00f3n incorporada.<\/li>\n<\/ul>\n","protected":false},"featured_media":19095,"comment_status":"closed","ping_status":"closed","template":"","meta":[],"product_brand":[],"product_cat":[244,248],"product_tag":[],"class_list":{"0":"post-18622","1":"product","2":"type-product","3":"status-publish","4":"has-post-thumbnail","6":"product_cat-analyse-spectrale","7":"product_cat-remote-sensing-fr","9":"first","10":"instock","11":"taxable","12":"shipping-taxable","13":"product-type-simple"},"_links":{"self":[{"href":"https:\/\/www.bonsaiadvanced.com\/fr\/wp-json\/wp\/v2\/product\/18622","targetHints":{"allow":["GET"]}}],"collection":[{"href":"https:\/\/www.bonsaiadvanced.com\/fr\/wp-json\/wp\/v2\/product"}],"about":[{"href":"https:\/\/www.bonsaiadvanced.com\/fr\/wp-json\/wp\/v2\/types\/product"}],"replies":[{"embeddable":true,"href":"https:\/\/www.bonsaiadvanced.com\/fr\/wp-json\/wp\/v2\/comments?post=18622"}],"wp:featuredmedia":[{"embeddable":true,"href":"https:\/\/www.bonsaiadvanced.com\/fr\/wp-json\/wp\/v2\/media\/19095"}],"wp:attachment":[{"href":"https:\/\/www.bonsaiadvanced.com\/fr\/wp-json\/wp\/v2\/media?parent=18622"}],"wp:term":[{"taxonomy":"product_brand","embeddable":true,"href":"https:\/\/www.bonsaiadvanced.com\/fr\/wp-json\/wp\/v2\/product_brand?post=18622"},{"taxonomy":"product_cat","embeddable":true,"href":"https:\/\/www.bonsaiadvanced.com\/fr\/wp-json\/wp\/v2\/product_cat?post=18622"},{"taxonomy":"product_tag","embeddable":true,"href":"https:\/\/www.bonsaiadvanced.com\/fr\/wp-json\/wp\/v2\/product_tag?post=18622"}],"curies":[{"name":"wp","href":"https:\/\/api.w.org\/{rel}","templated":true}]}}