{"id":18619,"date":"2021-09-28T07:39:27","date_gmt":"2021-09-28T07:39:27","guid":{"rendered":"https:\/\/www.bonsaiadvanced.com\/producto\/non%20class\u00e9\/ultris-x20-plus-copia\/"},"modified":"2024-04-19T10:42:03","modified_gmt":"2024-04-19T10:42:03","slug":"ultris-5-hyperspectral-video-camera","status":"publish","type":"product","link":"https:\/\/www.bonsaiadvanced.com\/fr\/producto\/analyse-spectrale\/imagerie-hyperspectrale\/ultris-5-hyperspectral-video-camera\/","title":{"rendered":"ULTRIS 5 &#8211; Hyperspectral Video Camera"},"content":{"rendered":"<p>Nouveau concept abordable, rapide et compact en miniaturisant la technologie de champ de lumi\u00e8re du prim\u00e9 ULTRIS X20, Cubert pr\u00e9sente la plus petite cam\u00e9ra vid\u00e9o hyperspectrale au monde, l&rsquo;ULTRIS 5. Avec un capteur de 5 MP, une plage de longueur d&rsquo;onde de 450 \u00e0 850 nm (VNIR), une r\u00e9solution spectrale de 250 x 250 pixels et une fr\u00e9quence d&rsquo;\u00e9chantillonnage de 8 nm pour un total de 50 bandes, l&rsquo;ULTRIS 5 offre des cubes de donn\u00e9es instantan\u00e9s \u00e0 15 Hz.<\/p>\n<p>Cette derni\u00e8re addition \u00e0 la famille ULTRIS r\u00e9pond aux besoins de l&rsquo;industrie et des chercheurs en proposant une cam\u00e9ra robuste et l\u00e9g\u00e8re pouvant s&rsquo;int\u00e9grer dans chaque laboratoire ou zone de production, tant sur le plan physique que fiscal.<\/p>\n<p>L&rsquo;ULTRIS 5 offre une incroyable discrimination spectrale dans un format r\u00e9duit par rapport aux mini-cam\u00e9ras industrielles. Cela ouvre de nouvelles applications dans la qualit\u00e9 et la s\u00e9curit\u00e9 alimentaire, l&rsquo;imagerie m\u00e9dicale et la t\u00e9l\u00e9d\u00e9tection.<\/p>\n<p>L&rsquo;ULTRIS 5 est l&rsquo;ajout le plus polyvalent \u00e0 la famille de cam\u00e9ras Light Field hyperspectrales de Cubert. Assez petit pour s&rsquo;int\u00e9grer dans n&rsquo;importe quel syst\u00e8me de traitement industriel, assez puissant pour r\u00e9pondre aux exigences de l&rsquo;imagerie m\u00e9dicale et assez rapide pour enregistrer des cubes de donn\u00e9es instantan\u00e9s sans balayage complet \u00e0 15 Hz.<\/p>\n<p>L&rsquo;ULTRIS 5 est la solution abordable lorsque plusieurs cam\u00e9ras sont n\u00e9cessaires. D&rsquo;autres configurations optiques sont disponibles sur demande.<\/p>\n<p><strong>Pour plus d&rsquo;informations:<\/strong><\/p>\n<p>https:\/\/www.cubert-hyperspectral.com\/products\/ultris-5<\/p>\n<p><!--more--><\/p>\n","protected":false},"excerpt":{"rendered":"<p>Miniaturisation de la technologie prim\u00e9e ULTRIS<\/p>\n<ul>\n<li>Cam\u00e9ra vid\u00e9o hyperspectrale de 5 MP (x, y, \u03bb)<\/li>\n<li>30 x 30 x 50 mm 120 g<\/li>\n<li>Plage spectrale : 450 &#8211; 850 nm<\/li>\n<li>51 bandes<\/li>\n<li>R\u00e9solution spatiale : 250&#215;250 px<\/li>\n<\/ul>\n","protected":false},"featured_media":19089,"comment_status":"closed","ping_status":"closed","template":"","meta":{"rs_blank_template":"","rs_page_bg_color":"","slide_template_v7":""},"product_brand":[],"product_cat":[244,247],"product_tag":[249,250,251,252,253,254,255,256,257,258,259,260,261,262,263],"class_list":{"0":"post-18619","1":"product","2":"type-product","3":"status-publish","4":"has-post-thumbnail","6":"product_cat-analyse-spectrale","7":"product_cat-imagerie-hyperspectrale","8":"product_tag-analisis-espectral-fr","9":"product_tag-bonsai-advanced-fr","10":"product_tag-camara-hsi-fr","11":"product_tag-camara-submarina-fr","12":"product_tag-campo-de-luz-fr","13":"product_tag-contenido-espectral-fr","14":"product_tag-cubert-fr","15":"product_tag-cubert-ultris-fr","16":"product_tag-gige-fr","17":"product_tag-imagen-hiperespectral-fr","18":"product_tag-interfaz-dual-fr","19":"product_tag-light-field-fr","20":"product_tag-paso-de-banda-fr","21":"product_tag-sensor-ultra-hd-fr","22":"product_tag-ultris-20-fr","24":"first","25":"instock","26":"taxable","27":"shipping-taxable","28":"product-type-simple"},"_links":{"self":[{"href":"https:\/\/www.bonsaiadvanced.com\/fr\/wp-json\/wp\/v2\/product\/18619","targetHints":{"allow":["GET"]}}],"collection":[{"href":"https:\/\/www.bonsaiadvanced.com\/fr\/wp-json\/wp\/v2\/product"}],"about":[{"href":"https:\/\/www.bonsaiadvanced.com\/fr\/wp-json\/wp\/v2\/types\/product"}],"replies":[{"embeddable":true,"href":"https:\/\/www.bonsaiadvanced.com\/fr\/wp-json\/wp\/v2\/comments?post=18619"}],"wp:featuredmedia":[{"embeddable":true,"href":"https:\/\/www.bonsaiadvanced.com\/fr\/wp-json\/wp\/v2\/media\/19089"}],"wp:attachment":[{"href":"https:\/\/www.bonsaiadvanced.com\/fr\/wp-json\/wp\/v2\/media?parent=18619"}],"wp:term":[{"taxonomy":"product_brand","embeddable":true,"href":"https:\/\/www.bonsaiadvanced.com\/fr\/wp-json\/wp\/v2\/product_brand?post=18619"},{"taxonomy":"product_cat","embeddable":true,"href":"https:\/\/www.bonsaiadvanced.com\/fr\/wp-json\/wp\/v2\/product_cat?post=18619"},{"taxonomy":"product_tag","embeddable":true,"href":"https:\/\/www.bonsaiadvanced.com\/fr\/wp-json\/wp\/v2\/product_tag?post=18619"}],"curies":[{"name":"wp","href":"https:\/\/api.w.org\/{rel}","templated":true}]}}