{"id":18616,"date":"2021-05-26T08:06:34","date_gmt":"2021-05-26T08:06:34","guid":{"rendered":"https:\/\/www.bonsaiadvanced.com\/producto\/uncategorized\/ultris-x20-plus\/"},"modified":"2024-04-19T10:21:18","modified_gmt":"2024-04-19T10:21:18","slug":"ultris-x20-plus","status":"publish","type":"product","link":"https:\/\/www.bonsaiadvanced.com\/fr\/producto\/analyse-spectrale\/imagerie-hyperspectrale\/ultris-x20-plus\/","title":{"rendered":"Ultris X20 Plus"},"content":{"rendered":"<p>Le mod\u00e8le Cubert ULTRIS X20 Plus \u00e0 technologie de champ lumineux est constitu\u00e9 d\u2019un capteur Ultra-HD CMOS avec 20 MP, fournissant la plus haute r\u00e9solution existant sur le march\u00e9, et il est dot\u00e9 d\u2019une cam\u00e9ra panchromatique additionnelle pour atteindre jusqu\u2019\u00e0 3,5 MPx.<\/p>\n<p>Durant l\u2019acquisition des images, l\u2019objet vis\u00e9 est enregistr\u00e9 sous une multitude d\u2019images, chacune l\u2019\u00e9tant \u00e0 l\u2019aide d\u2019un filtre optique \u00e0 bande passante sp\u00e9cifique centr\u00e9 sur la longueur d\u2019onde. Cela est rendu posible en combinant un filtre \u00e0 bande passante continuellement variable avec un ensemble de lentilles.<\/p>\n<p>Avec un FWHM constant de 10nm sur tous les canaux spectraux, la cam\u00e9ra fournit une image native d\u2019une r\u00e9solution de 1.880 \u00d7 1.880 px avec 164 bandes spectrales, couvrant en cela la gamme de longueurs d\u2019onde de 350 nm \u00e0 1.000 nm. Cela signifie qu\u2019un nombre encore jamais atteint par une cam\u00e9ra hyperspectrale de 168.100 spectres est acquis simultan\u00e9ment.<\/p>\n<p>Le capteur 12-bits de la cam\u00e9ra permet de d\u00e9tecter de tr\u00e8s petites diff\u00e9rences d\u2019intensit\u00e9 dans le contenu du spectre r\u00e9fl\u00e9chi tout en conservant un niveau de bruit tr\u00e8s faible. L\u2019interface double GigE de la cam\u00e9ra garantit une fr\u00e9quence d\u2019images (fps) de 8 Hz et l\u2019acquisition de 3.200 lignes par seconde (une vitesse \u00e9quivalente \u00e0 celle d\u2019un capteur \u201cpush-broom\u201d). De plus, ce mod\u00e8le ULTRISs X20 Plus est combin\u00e9 avec un second capteur dit panchromatique, pour une meilleure r\u00e9solution spatiale gr\u00e2ce \u00e0 la technique du \u201cpansharpening\u201d, une technique de fusion d\u2019images.<\/p>\n<p>Cette cam\u00e9ra est aussi facilement adaptable sur un UAV.<\/p>\n<p><strong>Pour plus d&rsquo;informations:<\/strong><\/p>\n<p>https:\/\/cubert-gmbh.com\/cubert-introduces-first-hyperspectral-light-field-camera\/<\/p>\n<p>&nbsp;<\/p>\n","protected":false},"excerpt":{"rendered":"<p>Cam\u00e9ra Hyperspectrale ULTRIS X20 Plus<\/p>\n<ul>\n<li>Technologie \u00e0 champ lumineux<\/li>\n<li>Gamme spectrale 350-1000nm<\/li>\n<li>Premi\u00e8re cam\u00e9ra au monde avec 1.800 X 1.800px, 164 bandes spectrales et 168.100 spectres par cube d\u2019images &amp; 3,5M de donn\u00e9es<\/li>\n<\/ul>\n","protected":false},"featured_media":19074,"comment_status":"closed","ping_status":"closed","template":"","meta":[],"product_brand":[],"product_cat":[244,247],"product_tag":[249,250,251,252,253,254,255,256,257,258,259,260,261,262,263],"class_list":{"0":"post-18616","1":"product","2":"type-product","3":"status-publish","4":"has-post-thumbnail","6":"product_cat-analyse-spectrale","7":"product_cat-imagerie-hyperspectrale","8":"product_tag-analisis-espectral-fr","9":"product_tag-bonsai-advanced-fr","10":"product_tag-camara-hsi-fr","11":"product_tag-camara-submarina-fr","12":"product_tag-campo-de-luz-fr","13":"product_tag-contenido-espectral-fr","14":"product_tag-cubert-fr","15":"product_tag-cubert-ultris-fr","16":"product_tag-gige-fr","17":"product_tag-imagen-hiperespectral-fr","18":"product_tag-interfaz-dual-fr","19":"product_tag-light-field-fr","20":"product_tag-paso-de-banda-fr","21":"product_tag-sensor-ultra-hd-fr","22":"product_tag-ultris-20-fr","24":"first","25":"instock","26":"taxable","27":"shipping-taxable","28":"product-type-simple"},"_links":{"self":[{"href":"https:\/\/www.bonsaiadvanced.com\/fr\/wp-json\/wp\/v2\/product\/18616","targetHints":{"allow":["GET"]}}],"collection":[{"href":"https:\/\/www.bonsaiadvanced.com\/fr\/wp-json\/wp\/v2\/product"}],"about":[{"href":"https:\/\/www.bonsaiadvanced.com\/fr\/wp-json\/wp\/v2\/types\/product"}],"replies":[{"embeddable":true,"href":"https:\/\/www.bonsaiadvanced.com\/fr\/wp-json\/wp\/v2\/comments?post=18616"}],"wp:featuredmedia":[{"embeddable":true,"href":"https:\/\/www.bonsaiadvanced.com\/fr\/wp-json\/wp\/v2\/media\/19074"}],"wp:attachment":[{"href":"https:\/\/www.bonsaiadvanced.com\/fr\/wp-json\/wp\/v2\/media?parent=18616"}],"wp:term":[{"taxonomy":"product_brand","embeddable":true,"href":"https:\/\/www.bonsaiadvanced.com\/fr\/wp-json\/wp\/v2\/product_brand?post=18616"},{"taxonomy":"product_cat","embeddable":true,"href":"https:\/\/www.bonsaiadvanced.com\/fr\/wp-json\/wp\/v2\/product_cat?post=18616"},{"taxonomy":"product_tag","embeddable":true,"href":"https:\/\/www.bonsaiadvanced.com\/fr\/wp-json\/wp\/v2\/product_tag?post=18616"}],"curies":[{"name":"wp","href":"https:\/\/api.w.org\/{rel}","templated":true}]}}