{"id":18547,"date":"2016-09-06T08:28:43","date_gmt":"2016-09-06T08:28:43","guid":{"rendered":"https:\/\/www.bonsaiadvanced.com\/producto\/non%20class\u00e9\/labspec-4-meat-analyzer\/"},"modified":"2024-04-19T10:23:12","modified_gmt":"2024-04-19T10:23:12","slug":"labspec-4-meat-analyzer","status":"publish","type":"product","link":"https:\/\/www.bonsaiadvanced.com\/fr\/producto\/analyse-spectrale\/analyseurs-nir\/labspec-fr\/labspec-4-meat-analyzer\/","title":{"rendered":"LabSpec 4 Meat Analyzer"},"content":{"rendered":"<p><strong>Gamme spectrale:<\/strong><\/p>\n<ul style=\"list-style-type: square;\">\n<li>350nm &#8211; 2500nm, avec une r\u00e9solution de 1nm.<\/li>\n<li>L\u2019excellent rapport Signal\/Bruit et sa vitesse d\u2019acquisition de 100 msec. lui permettent de mesurer de tr\u00e8s nombreux param\u00e8tres-cl\u00e9s avec une extr\u00eame precision et exactitude<\/li>\n<\/ul>\n<p><strong>Syst\u00e8me portable, robuste et modulable:<\/strong><\/p>\n<p>Possibilit\u00e9 d\u2019utiliser diff\u00e9rents modules et accessoires, permettant de r\u00e9aliser des mesures lors de chaque \u00e9tape du process de fabrication:<\/p>\n<ul style=\"list-style-type: square;\">\n<li>Sonde alimentaire, prot\u00e9g\u00e9e et renforc\u00e9e pour des mesures en abattoir.<\/li>\n<li>Dispositif \u201ctable rotative\u201d pour des mesures en process ou laboratoire.<\/li>\n<\/ul>\n<p><strong>Tra\u00e7abilit\u00e9 garantie:<\/strong><\/p>\n<p>Entre instruments, pour permettre le transfert de calibrations avec fiabilit\u00e9 et une totale s\u00e9curit\u00e9.<\/p>\n<p><strong>Param\u00e8tres:<\/strong><\/p>\n<ul style=\"list-style-type: square;\">\n<li>Principaux acides gras, mati\u00e8re grasse totale, prot\u00e9ines, pH, couleur, collag\u00e8ne.<\/li>\n<li>Classification des races sur chaine.<\/li>\n<li>Analyse sensorielle et param\u00e8tres de qualit\u00e9 de la viande.<\/li>\n<li>V\u00e9rification de la date de preemption sur les emballages.<\/li>\n<\/ul>\n<p><strong>R\u00e9f\u00e9rences:<\/strong><\/p>\n<p>D\u00e9j\u00e0 implant\u00e9 avec succ\u00e8s dans des installations en France et en Espagne pour diff\u00e9rentes applications avec mesures sur produits porcins, ovins, bovins et volailles, tout comme en salle de d\u00e9coupe et en unite de production de viandes ou charcuteries<\/p>\n<p><iframe src=\"https:\/\/www.youtube.com\/embed\/SvwtILqkmZs\" width=\"560\" height=\"315\" frameborder=\"0\" allowfullscreen=\"allowfullscreen\"><\/iframe><\/p>\n<h3>Poser une question<\/h3>\n<p class=\"wpcf7-contact-form-not-found\"><strong>Erreur\u00a0:<\/strong> Formulaire de contact non trouv\u00e9\u00a0!<\/p>\n","protected":false},"excerpt":{"rendered":"<p>Le\u00a0 spectrom\u00e8tre portable Vis-NIR le plus adapt\u00e9 et le plus complet pour des analyses en temps r\u00e9el durant toutes les phases du processus des industries de la viande.<br \/>\nUne solution analytique unique pour:<\/p>\n<ul style=\"list-style-type: square;\">\n<li>Abattoirs<\/li>\n<li>Ateliers de d\u00e9coupe<\/li>\n<li>Productions<\/li>\n<li>Laboratoires<\/li>\n<\/ul>\n","protected":false},"featured_media":18748,"comment_status":"closed","ping_status":"closed","template":"","meta":[],"product_brand":[],"product_cat":[244,245,246],"product_tag":[250],"class_list":{"0":"post-18547","1":"product","2":"type-product","3":"status-publish","4":"has-post-thumbnail","6":"product_cat-analyse-spectrale","7":"product_cat-analyseurs-nir","8":"product_cat-labspec-fr","9":"product_tag-bonsai-advanced-fr","11":"first","12":"instock","13":"taxable","14":"shipping-taxable","15":"product-type-simple"},"_links":{"self":[{"href":"https:\/\/www.bonsaiadvanced.com\/fr\/wp-json\/wp\/v2\/product\/18547","targetHints":{"allow":["GET"]}}],"collection":[{"href":"https:\/\/www.bonsaiadvanced.com\/fr\/wp-json\/wp\/v2\/product"}],"about":[{"href":"https:\/\/www.bonsaiadvanced.com\/fr\/wp-json\/wp\/v2\/types\/product"}],"replies":[{"embeddable":true,"href":"https:\/\/www.bonsaiadvanced.com\/fr\/wp-json\/wp\/v2\/comments?post=18547"}],"wp:featuredmedia":[{"embeddable":true,"href":"https:\/\/www.bonsaiadvanced.com\/fr\/wp-json\/wp\/v2\/media\/18748"}],"wp:attachment":[{"href":"https:\/\/www.bonsaiadvanced.com\/fr\/wp-json\/wp\/v2\/media?parent=18547"}],"wp:term":[{"taxonomy":"product_brand","embeddable":true,"href":"https:\/\/www.bonsaiadvanced.com\/fr\/wp-json\/wp\/v2\/product_brand?post=18547"},{"taxonomy":"product_cat","embeddable":true,"href":"https:\/\/www.bonsaiadvanced.com\/fr\/wp-json\/wp\/v2\/product_cat?post=18547"},{"taxonomy":"product_tag","embeddable":true,"href":"https:\/\/www.bonsaiadvanced.com\/fr\/wp-json\/wp\/v2\/product_tag?post=18547"}],"curies":[{"name":"wp","href":"https:\/\/api.w.org\/{rel}","templated":true}]}}