{"id":18545,"date":"2016-08-01T11:53:13","date_gmt":"2016-08-01T11:53:13","guid":{"rendered":"https:\/\/www.bonsaiadvanced.com\/producto\/non%20class\u00e9\/labspec-4-standard-res-lab-analyzer\/"},"modified":"2024-04-19T10:23:19","modified_gmt":"2024-04-19T10:23:19","slug":"labspec-4-standard-res-lab-analyzer","status":"publish","type":"product","link":"https:\/\/www.bonsaiadvanced.com\/fr\/producto\/analyse-spectrale\/analyseurs-nir\/labspec-fr\/labspec-4-standard-res-lab-analyzer\/","title":{"rendered":"LabSpec 4 Standard-Res Lab Analyzer"},"content":{"rendered":"<p><strong>L\u2019analyseur de laboratoire, mais aussi portable, pour des mesures rapides et non-destructives afin d\u2019optimiser votre travail et votre production<\/strong><\/p>\n<p>Les r\u00e9solutions spectrales, respectivement de 3 nm sur la gamme VNIR 350-1000nm, et de 10 nm sur la gamme SWIR 1000-2500 nm, sont en ad\u00e9quation avec des analyses spectrales pr\u00e9cises sur de grandes vari\u00e9t\u00e9s de produits et d\u2019\u00e9chantillons.<\/p>\n<p>La r\u00e9solution spectrale de 10 nm sur la gamme SWIR 1000-2500 nm est absolument essentielle pour la cr\u00e9ation de mod\u00e8les chimiom\u00e9triques pr\u00e9cis \u00e0 des fins de mesures pr\u00e9dictives quantitatives et qualitatives. La configuration de ce spectrom\u00e8tre permet \u00e0 l\u2019utilisateur d\u2019obtenir un signal spectral d\u2019une qualit\u00e9 sup\u00e9rieure, et le rend compatible avec tous les accessoires et sondes de mesure ASD.<\/p>\n<p><strong><u>Spectrom\u00e8tre NIR portable LabSpec 4i<\/u><\/strong><u>\u00ae<\/u><strong><u>\u201cR\u00e9solution Standard\u201d<\/u><\/strong><\/p>\n<p>Le spectrom\u00e8tre NIR portable LabSpec 4i\u00ae poss\u00e8de sa propre source lumineuse int\u00e9gr\u00e9e (lampe QTH), ce qui lui permet de s\u2019adapter \u00e0 d\u2019autres types d\u2019accessoires, notamment la mini-sonde en r\u00e9flectance pour des mesures spectrales de petits \u00e9chantillons.<\/p>\n","protected":false},"excerpt":{"rendered":"<p>L\u2019analyseur de laboratoire, mais aussi portable, pour des mesures rapides et non-destructives afin d\u2019optimiser votre travail et votre production.<\/p>\n<ul>\n<li>R\u00e9solutions spectrale de 3 nm sur la gamme VNIR (350-1000 nm)<\/li>\n<li>R\u00e9solutions spectrale de 10 nm sur la gamme SWIR (1001-2500 nm )<\/li>\n<\/ul>\n<p>&nbsp;<\/p>\n","protected":false},"featured_media":18685,"comment_status":"closed","ping_status":"closed","template":"","meta":[],"product_brand":[],"product_cat":[244,245,246],"product_tag":[],"class_list":{"0":"post-18545","1":"product","2":"type-product","3":"status-publish","4":"has-post-thumbnail","6":"product_cat-analyse-spectrale","7":"product_cat-analyseurs-nir","8":"product_cat-labspec-fr","10":"first","11":"instock","12":"taxable","13":"shipping-taxable","14":"product-type-grouped"},"_links":{"self":[{"href":"https:\/\/www.bonsaiadvanced.com\/fr\/wp-json\/wp\/v2\/product\/18545","targetHints":{"allow":["GET"]}}],"collection":[{"href":"https:\/\/www.bonsaiadvanced.com\/fr\/wp-json\/wp\/v2\/product"}],"about":[{"href":"https:\/\/www.bonsaiadvanced.com\/fr\/wp-json\/wp\/v2\/types\/product"}],"replies":[{"embeddable":true,"href":"https:\/\/www.bonsaiadvanced.com\/fr\/wp-json\/wp\/v2\/comments?post=18545"}],"wp:featuredmedia":[{"embeddable":true,"href":"https:\/\/www.bonsaiadvanced.com\/fr\/wp-json\/wp\/v2\/media\/18685"}],"wp:attachment":[{"href":"https:\/\/www.bonsaiadvanced.com\/fr\/wp-json\/wp\/v2\/media?parent=18545"}],"wp:term":[{"taxonomy":"product_brand","embeddable":true,"href":"https:\/\/www.bonsaiadvanced.com\/fr\/wp-json\/wp\/v2\/product_brand?post=18545"},{"taxonomy":"product_cat","embeddable":true,"href":"https:\/\/www.bonsaiadvanced.com\/fr\/wp-json\/wp\/v2\/product_cat?post=18545"},{"taxonomy":"product_tag","embeddable":true,"href":"https:\/\/www.bonsaiadvanced.com\/fr\/wp-json\/wp\/v2\/product_tag?post=18545"}],"curies":[{"name":"wp","href":"https:\/\/api.w.org\/{rel}","templated":true}]}}