{"id":18537,"date":"2016-03-17T12:46:09","date_gmt":"2016-03-17T12:46:09","guid":{"rendered":"https:\/\/www.bonsaiadvanced.com\/producto\/non%20class\u00e9\/fieldspec-4-asd-haute-resolution-spectroradiometre-a-haute-resolution\/"},"modified":"2024-04-19T10:23:31","modified_gmt":"2024-04-19T10:23:31","slug":"fieldspec-4-asd-haute-resolution-spectroradiometre-a-haute-resolution","status":"publish","type":"product","link":"https:\/\/www.bonsaiadvanced.com\/fr\/producto\/analyse-spectrale\/remote-sensing-fr\/fieldspec-4-asd-haute-resolution-spectroradiometre-a-haute-resolution\/","title":{"rendered":"FieldSpec\u00ae 4 ASD haute r\u00e9solution : spectroradiom\u00e8tre \u00e0 haute r\u00e9solution"},"content":{"rendered":"<p>La r\u00e9solution spectrale VNIR de 3 nm et SWIR de 8 nm du spectroradiom\u00e8tre FieldSpec\u00ae 4 ASD haute r\u00e9solution offre des performances spectrales sup\u00e9rieures sur toute la plage du spectre d&rsquo;irradiance solaire (350 \u00e0 2 500 nm). La r\u00e9solution spectrale am\u00e9lior\u00e9e dans la plage SWIR (1 000 &#8211; 2 500 nm) est particuli\u00e8rement utile pour d\u00e9tecter et identifier les compos\u00e9s pr\u00e9sentant des caract\u00e9ristiques spectrales \u00e9troites dans les longueurs d&rsquo;onde plus \u00e9lev\u00e9es, comme la min\u00e9ralogie d&rsquo;alt\u00e9ration et les gaz pour l&rsquo;analyse atmosph\u00e9rique.<\/p>\n<p>En outre, la r\u00e9solution de 8 nm atteint ou d\u00e9passe la r\u00e9solution spectrale de la plupart des capteurs hyperspectraux, ce qui fait du spectroradiom\u00e8tre FieldSpec 4 ASD haute r\u00e9solution un excellent choix pour la validation et l&rsquo;\u00e9talonnage des capteurs, ainsi que pour le travail sur le terrain et la cr\u00e9ation de biblioth\u00e8ques spectrales.<\/p>\n<p>Comme tous les spectroradiom\u00e8tres FieldSpec ASD, le FieldSpec 4 ASD haute r\u00e9solution peut \u00eatre utilis\u00e9 comme spectrom\u00e8tre \u00e0 haute r\u00e9solution pour des mesures de r\u00e9flectivit\u00e9 de contact tr\u00e8s pr\u00e9cises.<\/p>\n","protected":false},"excerpt":{"rendered":"<p style=\"text-align: justify;\">R\u00e9solution SWIR de 8 nm id\u00e9ale pour les \u00e9tudes g\u00e9ologiques et la recherche atmosph\u00e9rique<br \/>\nLe FieldSpec\u00ae 4 ASD haute r\u00e9solution est un spectroradiom\u00e8tre \u00e0 haute r\u00e9solution con\u00e7u pour des mesures de donn\u00e9es spectrales plus rapides et plus pr\u00e9cises pour un large \u00e9ventail d&rsquo;applications de pr\u00e9l\u00e8vement \u00e0 distance.<\/p>\n","protected":false},"featured_media":18705,"comment_status":"closed","ping_status":"closed","template":"","meta":[],"product_brand":[],"product_cat":[244,248],"product_tag":[],"class_list":{"0":"post-18537","1":"product","2":"type-product","3":"status-publish","4":"has-post-thumbnail","6":"product_cat-analyse-spectrale","7":"product_cat-remote-sensing-fr","9":"first","10":"instock","11":"taxable","12":"shipping-taxable","13":"product-type-simple"},"_links":{"self":[{"href":"https:\/\/www.bonsaiadvanced.com\/fr\/wp-json\/wp\/v2\/product\/18537","targetHints":{"allow":["GET"]}}],"collection":[{"href":"https:\/\/www.bonsaiadvanced.com\/fr\/wp-json\/wp\/v2\/product"}],"about":[{"href":"https:\/\/www.bonsaiadvanced.com\/fr\/wp-json\/wp\/v2\/types\/product"}],"replies":[{"embeddable":true,"href":"https:\/\/www.bonsaiadvanced.com\/fr\/wp-json\/wp\/v2\/comments?post=18537"}],"wp:featuredmedia":[{"embeddable":true,"href":"https:\/\/www.bonsaiadvanced.com\/fr\/wp-json\/wp\/v2\/media\/18705"}],"wp:attachment":[{"href":"https:\/\/www.bonsaiadvanced.com\/fr\/wp-json\/wp\/v2\/media?parent=18537"}],"wp:term":[{"taxonomy":"product_brand","embeddable":true,"href":"https:\/\/www.bonsaiadvanced.com\/fr\/wp-json\/wp\/v2\/product_brand?post=18537"},{"taxonomy":"product_cat","embeddable":true,"href":"https:\/\/www.bonsaiadvanced.com\/fr\/wp-json\/wp\/v2\/product_cat?post=18537"},{"taxonomy":"product_tag","embeddable":true,"href":"https:\/\/www.bonsaiadvanced.com\/fr\/wp-json\/wp\/v2\/product_tag?post=18537"}],"curies":[{"name":"wp","href":"https:\/\/api.w.org\/{rel}","templated":true}]}}