{"id":18536,"date":"2016-03-17T12:46:08","date_gmt":"2016-03-17T12:46:08","guid":{"rendered":"https:\/\/www.bonsaiadvanced.com\/producto\/non%20class\u00e9\/spectroradiometre-fieldspec-4-resolution-standard\/"},"modified":"2024-04-19T10:23:34","modified_gmt":"2024-04-19T10:23:34","slug":"spectroradiometre-fieldspec-4-resolution-standard","status":"publish","type":"product","link":"https:\/\/www.bonsaiadvanced.com\/fr\/producto\/analyse-spectrale\/remote-sensing-fr\/spectroradiometre-fieldspec-4-resolution-standard\/","title":{"rendered":"Spectroradiom\u00e8tre FieldSpec 4\u00ae \u201cR\u00e9solution Standard\u201d"},"content":{"rendered":"<p>L\u2019outil id\u00e9al et de r\u00e9f\u00e9rence pour la spectroscopie de terrain en toute confiance.<\/p>\n<p>D\u00e9di\u00e9 \u00e0 la d\u00e9termination de caract\u00e9ristiques spectrales d\u2019une r\u00e9solution comprise entre 10 nm et 50 nm. Le spectroradiom\u00e8tre FieldSpec 4\u00ae \u201cR\u00e9solution Standard\u201d est con\u00e7u pour r\u00e9pondre \u00e0 une grande majorit\u00e9 des imp\u00e9ratifs techniques exprim\u00e9s par les chercheurs sur le terrain et dont les travaux d\u00e9pendent de r\u00e9sultats fiables et pr\u00e9cis acquis lors de missions en ext\u00e9rieur.<\/p>\n<p>C\u2019est l\u2019analyseur parfait pour une grande vari\u00e9t\u00e9 d\u2019applications en T\u00e9l\u00e9d\u00e9tection et V\u00e9rit\u00e9 Terrain, telles que la calibration de capteurs multi- et hyperspectraux, les mesures en recherches agronomiques, ou en analyses de sols, de neige et de glace. En plus de poss\u00e9der les meilleures caract\u00e9ristiques techniques applicables en ext\u00e9rieur et sur le terrain, le spectroradiom\u00e8tre portable FieldSpec 4\u00ae \u201cR\u00e9solution Standard\u201d est reconnu comme une r\u00e9f\u00e9rence instrumentale robuste pour les travaux fond\u00e9s sur des analyses en r\u00e9flectance avec contact et pour des mesures sous lumi\u00e8re artificielle.<\/p>\n","protected":false},"excerpt":{"rendered":"<p style=\"text-align: justify;\">La solution la plus \u00e9conomique avec les meilleures performances en spectroradiom\u00e9trie<\/p>\n<ul>\n<li style=\"text-align: justify;\">R\u00e9solutions spectrale de 3 nm sur la gamme VNIR (350-1000 nm)<\/li>\n<li style=\"text-align: justify;\">R\u00e9solutions spectrale de 30 nm sur la gamme SWIR (1001-2500 nm)<\/li>\n<\/ul>\n","protected":false},"featured_media":18905,"comment_status":"closed","ping_status":"closed","template":"","meta":[],"product_brand":[],"product_cat":[244,248],"product_tag":[],"class_list":{"0":"post-18536","1":"product","2":"type-product","3":"status-publish","4":"has-post-thumbnail","6":"product_cat-analyse-spectrale","7":"product_cat-remote-sensing-fr","9":"first","10":"instock","11":"taxable","12":"shipping-taxable","13":"product-type-simple"},"_links":{"self":[{"href":"https:\/\/www.bonsaiadvanced.com\/fr\/wp-json\/wp\/v2\/product\/18536","targetHints":{"allow":["GET"]}}],"collection":[{"href":"https:\/\/www.bonsaiadvanced.com\/fr\/wp-json\/wp\/v2\/product"}],"about":[{"href":"https:\/\/www.bonsaiadvanced.com\/fr\/wp-json\/wp\/v2\/types\/product"}],"replies":[{"embeddable":true,"href":"https:\/\/www.bonsaiadvanced.com\/fr\/wp-json\/wp\/v2\/comments?post=18536"}],"wp:featuredmedia":[{"embeddable":true,"href":"https:\/\/www.bonsaiadvanced.com\/fr\/wp-json\/wp\/v2\/media\/18905"}],"wp:attachment":[{"href":"https:\/\/www.bonsaiadvanced.com\/fr\/wp-json\/wp\/v2\/media?parent=18536"}],"wp:term":[{"taxonomy":"product_brand","embeddable":true,"href":"https:\/\/www.bonsaiadvanced.com\/fr\/wp-json\/wp\/v2\/product_brand?post=18536"},{"taxonomy":"product_cat","embeddable":true,"href":"https:\/\/www.bonsaiadvanced.com\/fr\/wp-json\/wp\/v2\/product_cat?post=18536"},{"taxonomy":"product_tag","embeddable":true,"href":"https:\/\/www.bonsaiadvanced.com\/fr\/wp-json\/wp\/v2\/product_tag?post=18536"}],"curies":[{"name":"wp","href":"https:\/\/api.w.org\/{rel}","templated":true}]}}