{"id":18523,"date":"2016-03-10T18:02:33","date_gmt":"2016-03-10T18:02:33","guid":{"rendered":"https:\/\/www.bonsaiadvanced.com\/politique-de-confidentialite\/"},"modified":"2016-03-10T18:02:33","modified_gmt":"2016-03-10T18:02:33","slug":"politique-de-confidentialite","status":"publish","type":"page","link":"https:\/\/www.bonsaiadvanced.com\/fr\/politique-de-confidentialite\/","title":{"rendered":"Politique de confidentialit\u00e9"},"content":{"rendered":"<div class=\"fusion-fullwidth fullwidth-box fusion-builder-row-1 nonhundred-percent-fullwidth non-hundred-percent-height-scrolling\" style=\"--awb-border-radius-top-left:0px;--awb-border-radius-top-right:0px;--awb-border-radius-bottom-right:0px;--awb-border-radius-bottom-left:0px;--awb-flex-wrap:wrap;\" ><div class=\"fusion-builder-row fusion-row\"><div class=\"fusion-layout-column fusion_builder_column fusion-builder-column-0 fusion_builder_column_1_1 1_1 fusion-one-full fusion-column-first fusion-column-last\" style=\"--awb-bg-size:cover;\"><div class=\"fusion-column-wrapper fusion-flex-column-wrapper-legacy\"><div class=\"fusion-text fusion-text-1\"><p>Avis de protection des donn\u00e9es\u00a0: La soci\u00e9t\u00e9 Bonsa\u00ef Advanced Technologies SL (ci-apr\u00e8s d\u00e9nomm\u00e9e \u00ab nous \u00bb) respecte votre confidentialit\u00e9. C&rsquo;est pourquoi nous attachons beaucoup d&rsquo;importance \u00e0 la protection de vos donn\u00e9es personnelles, c&rsquo;est-\u00e0-dire vos nom, date de naissance, adresse postale, adresse \u00e9lectronique, num\u00e9ro de t\u00e9l\u00e9phone, etc.<\/p>\n<p>Le pr\u00e9sent Avis de protection des donn\u00e9es r\u00e8glemente la collecte, le traitement et l&rsquo;utilisation de vos donn\u00e9es personnelles, si, et dans la mesure o\u00f9, les informations sont recueillies pendant votre utilisation de nos sites Internet. S&rsquo;agissant de la prise en charge de ces donn\u00e9es, nous proc\u00e9derons en tenant pleinement compte des r\u00e8glementations juridiques en vigueur relatives \u00e0 la protection des donn\u00e9es et des principes suivants.<\/p>\n<p>&nbsp;<\/p>\n<p><strong>1) \u00c9VITEM<\/strong>E<strong>NT ET MINIMISATION DES DONN\u00c9ES<\/strong><\/p>\n<p>Nous observerons les principes d&rsquo;\u00e9vitement et de minimisation des donn\u00e9es. Cela signifie que nous collecterons, traiterons et utiliserons aussi peu de donn\u00e9es personnelles que cela est possible.<\/p>\n<p><strong>2) DONN\u00c9ES PERSONNELLES ET CONSENTEMENT<\/strong><\/p>\n<p>Nous ne collecterons, traiterons et utiliserons vos donn\u00e9es personnelles que si cela est n\u00e9cessaire pour \u00e9tayer, mettre en \u0153uvre ou r\u00e9silier une relation client contractuelle ou similaire.<\/p>\n<p>Dans tout autre cas, nous ne collecterons, traiterons et utiliserons vos donn\u00e9es personnelles qu&rsquo;apr\u00e8s avoir obtenu votre consentement pr\u00e9alable. Vos donn\u00e9es personnelles seront utilis\u00e9es exclusivement aux fins et au degr\u00e9 que vous avez consentis. Par exemple, nous ne vous informerons sur nos produits et services qu&rsquo;apr\u00e8s avoir re\u00e7u votre consentement.<\/p>\n<p>Vous pourrez annuler votre consentement \u00e0 tout moment. D\u00e8s la r\u00e9ception de votre demande d&rsquo;annulation, vos donn\u00e9es seront supprim\u00e9es. Toute demande de suppression de donn\u00e9es devra \u00eatre envoy\u00e9e \u00e0 l&rsquo;adresse suivante : <u><a href=\"mailto:info@bonsaiadvanced.com\">info@bonsaiadvanced.com<\/a><\/u><\/p>\n<p><strong>3) DONN\u00c9ES G\u00c9N\u00c9R\u00c9ES AUTOMATIQUEMENT<\/strong><\/p>\n<p>Pendant que vous consultez les pages de nos sites Internet, il est possible que des donn\u00e9es personnelles soient automatiquement trait\u00e9es. En g\u00e9n\u00e9ral, ces donn\u00e9es incluent le nom de votre fournisseur Internet, votre adresse IP, le navigateur que vous utilisez, votre syst\u00e8me d&rsquo;exploitation, les pages Web que vous avez consult\u00e9es sur notre site Internet et le site Internet \u00e0 partir duquel vous avez acc\u00e9d\u00e9 \u00e0 notre site Internet. Dans tous les cas mentionn\u00e9s ci-dessus, le traitement de ces donn\u00e9es est effectu\u00e9 automatiquement, c&rsquo;est-\u00e0-dire qu&rsquo;il est impossible d&rsquo;assigner et donc d&rsquo;identifier toute personne individuelle \u00e0 partir de ces donn\u00e9es.<\/p>\n<p><strong>4) UTILISATION DES COOKIES<\/strong><\/p>\n<p>Un cookie est un petit fichier de donn\u00e9es que certains sites Web \u00e9crivent sur votre disque dur lorsque vous les visitez. Les seules informations personnelles qu&rsquo;un cookie peut obtenir sont les informations que l&rsquo;utilisateur fournit lui-m\u00eame. Un cookie ne peut pas lire les donn\u00e9es de votre disque dur, ni lire les cookies cr\u00e9\u00e9s par d&rsquo;autres sites. Toutefois, les cookies am\u00e9liorent la performance de notre site Web \u00e0 bien des \u00e9gards, notamment en fournissant un moyen s\u00fbr pour nous de v\u00e9rifier votre identit\u00e9 lors de votre visite et en nous permettant de personnaliser et d&rsquo;optimiser votre exp\u00e9rience.<\/p>\n<p>Ce site Web utilise des cookies afin que nous puissions mieux vous servir. Il utilise un logiciel de suivi des visiteurs qui fait appel aux cookies pour suivre les informations relatives \u00e0 la fa\u00e7on dont les visiteurs viennent sur le site, aux pages qu&rsquo;ils visitent et autres actions que les visiteurs effectuent sur le site. Ces donn\u00e9es servent ensuite \u00e0 am\u00e9liorer l&rsquo;exp\u00e9rience de l&rsquo;utilisateur sur le site. Toutes les donn\u00e9es utilisateur collect\u00e9es de cette mani\u00e8re sont anonymes.<\/p>\n<p>Si vous le souhaitez, vous pouvez refuser les cookies en les d\u00e9sactivant dans les param\u00e8tres de votre navigateur Internet. Vous n&rsquo;avez pas besoin que les cookies soient activ\u00e9s pour utiliser notre service. La plupart des navigateurs sont configur\u00e9s par d\u00e9faut pour accepter et conserver les cookies. Toutefois, vous pouvez configurer votre navigateur pour qu&rsquo;il vous avertisse lorsque vous recevez un cookie en vous donnant ainsi la possibilit\u00e9 de d\u00e9cider de l&rsquo;accepter ou non. Pour de plus amples informations, veuillez consulter la documentation d&rsquo;aide de votre navigateur Internet consultable en ligne.<\/p>\n<p><strong>5) ACC\u00c8S DE TIERS A VOS DONN\u00c9ES PERSONNELLES<\/strong><\/p>\n<p>La collecte, le traitement et l&rsquo;utilisation des donn\u00e9es personnelles sont effectu\u00e9s par nous-m\u00eames et &#8211; dans la mesure o\u00f9 nous ne l&rsquo;avons pas exclu &#8211; \u00e9galement par d&rsquo;autres soci\u00e9t\u00e9s appartenant \u00e0 Bonsa\u00ef (soci\u00e9t\u00e9s du Groupe) ou par des prestataires de services autoris\u00e9s par nos\u00a0 soins. Dans ces deux derniers cas, nous nous assurerons que les soci\u00e9t\u00e9s du Groupe et les prestataires de services adh\u00e8rent aux r\u00e8glementations juridiques en vigueur relatives \u00e0 la protection des donn\u00e9es et aux obligations d\u00e9coulant du pr\u00e9sent Avis de protection des donn\u00e9es. L&rsquo;envoi de produits, de supports promotionnels,\u00a0 la participation \u00e0 des concours peuvent, par exemple, entra\u00eener l&rsquo;utilisation de prestataires de services.<\/p>\n<p>Dans tout autre cas, aucun tiers n&rsquo;aura acc\u00e8s \u00e0 vos donn\u00e9es personnelles. Nous ne vendrons pas vos donn\u00e9es et ne les utiliserons pas \u00e0 d&rsquo;autres fins. Vos donn\u00e9es ne seront trait\u00e9es et en particulier transmises \u00e0 des autorit\u00e9s gouvernementales que si nous y sommes soumis par obligation ou dans le cadre d&rsquo;exigences judiciaires ou juridiques.<\/p>\n<p><strong>6) S\u00c9CURIT\u00c9<\/strong><\/p>\n<p>Nous avons mis en place des mesures techniques et organisationnelles pour prot\u00e9ger vos donn\u00e9es contre les pertes, les alt\u00e9rations, le vol ou l&rsquo;acc\u00e8s par des tiers non autoris\u00e9s.<\/p>\n<p><strong>7) SUPPRESSION ET BLOCAGE<\/strong><\/p>\n<p>Nous supprimerons vos donn\u00e9es personnelles lorsque l&rsquo;objectif commercial associ\u00e9 cessera d&rsquo;\u00eatre applicable ou lorsque les r\u00e8glementations juridiques en vigueur relatives \u00e0 la protection des donn\u00e9es l&rsquo;exigeront. Par exemple, nous effacerons les donn\u00e9es collect\u00e9es pour un concours si vous n&rsquo;avez pas consenti \u00e0 ce que vos donn\u00e9es soient collect\u00e9es, trait\u00e9es ou utilis\u00e9es \u00e0 d&rsquo;autres fins. Dans les cas de consentements obtenus, nous supprimerons vos donn\u00e9es suite \u00e0 la r\u00e9tractation de votre approbation ou \u00e0 l&rsquo;interruption des fins de votre consentement (\u00e9l\u00e9ment n\u00b0 2).<\/p>\n<p>Si vous l&rsquo;exigez, nous bloquerons totalement ou partiellement vos donn\u00e9es personnelles. S&rsquo;agissant du pr\u00e9sent accord, vous devez nous informer du degr\u00e9 et de la dur\u00e9e du blocage souhait\u00e9. Dans la mesure o\u00f9 cela est techniquement possible, vous pourrez ici exclure vos donn\u00e9es pour qu&rsquo;elles ne soient ni trait\u00e9es ni utilis\u00e9es \u00e0 certaines fins.<\/p>\n<p><strong>8) HYPERLIENS<\/strong><\/p>\n<p>Nos pages Web peuvent contenir des hyperliens. Il s&rsquo;agit de r\u00e9f\u00e9rences \u00e9lectroniques crois\u00e9es qui permettent d&rsquo;acc\u00e9der aux pages Web d&rsquo;autres soci\u00e9t\u00e9s. Sur ces sites Internet li\u00e9s, le pr\u00e9sent Avis de protection des donn\u00e9es n&rsquo;est pas applicable. Seules les r\u00e8glementations relatives \u00e0 la protection des donn\u00e9es pour ce site Internet particulier sont applicables.<\/p>\n<p><strong>9) MODIFICATION DU PR\u00c9SENT AVIS DE PROTECTION DES DONN\u00c9ES<\/strong><\/p>\n<p>Nous actualisons le pr\u00e9sent Avis de protection des donn\u00e9es de fa\u00e7on r\u00e9guli\u00e8re. Par cons\u00e9quent, il peut s&rsquo;av\u00e9rer n\u00e9cessaire d&rsquo;adapter le pr\u00e9sent Avis de protection des donn\u00e9es pour refl\u00e9ter toute modification factuelle ou juridique apport\u00e9e aux conditions de base. En utilisant nos sites Internet, vous acceptez ces adaptations.<\/p>\n<p><strong>10) CONSEILS<\/strong><\/p>\n<p>Nous vous invitons \u00e0 nous contacter \u00e0 tout moment pour toutes questions relatives \u00e0 la collecte, au traitement ou \u00e0 l&rsquo;utilisation de vos donn\u00e9es personnelles. Nous serons \u00e9galement ravis de vous fournir des renseignements g\u00e9n\u00e9raux sur la protection des donn\u00e9es. Pour cela, veuillez nous contacter \u00e0 l&rsquo;adresse suivante : <u><a href=\"mailto:info@bonsaiadvanced.com\">info@bonsaiadvanced.com<\/a><\/u><\/p>\n<\/div><div class=\"fusion-clearfix\"><\/div><\/div><\/div><\/div><\/div>\n","protected":false},"excerpt":{"rendered":"","protected":false},"author":1,"featured_media":0,"parent":0,"menu_order":0,"comment_status":"closed","ping_status":"closed","template":"","meta":{"rs_blank_template":"","rs_page_bg_color":"","slide_template_v7":"","footnotes":""},"class_list":["post-18523","page","type-page","status-publish","hentry"],"_links":{"self":[{"href":"https:\/\/www.bonsaiadvanced.com\/fr\/wp-json\/wp\/v2\/pages\/18523","targetHints":{"allow":["GET"]}}],"collection":[{"href":"https:\/\/www.bonsaiadvanced.com\/fr\/wp-json\/wp\/v2\/pages"}],"about":[{"href":"https:\/\/www.bonsaiadvanced.com\/fr\/wp-json\/wp\/v2\/types\/page"}],"author":[{"embeddable":true,"href":"https:\/\/www.bonsaiadvanced.com\/fr\/wp-json\/wp\/v2\/users\/1"}],"replies":[{"embeddable":true,"href":"https:\/\/www.bonsaiadvanced.com\/fr\/wp-json\/wp\/v2\/comments?post=18523"}],"version-history":[{"count":0,"href":"https:\/\/www.bonsaiadvanced.com\/fr\/wp-json\/wp\/v2\/pages\/18523\/revisions"}],"wp:attachment":[{"href":"https:\/\/www.bonsaiadvanced.com\/fr\/wp-json\/wp\/v2\/media?parent=18523"}],"curies":[{"name":"wp","href":"https:\/\/api.w.org\/{rel}","templated":true}]}}