{"id":18517,"date":"2016-03-10T17:46:21","date_gmt":"2016-03-10T17:46:21","guid":{"rendered":"https:\/\/www.bonsaiadvanced.com\/analyse-spectrale\/"},"modified":"2025-10-05T13:32:30","modified_gmt":"2025-10-05T13:32:30","slug":"analyse-spectrale","status":"publish","type":"page","link":"https:\/\/www.bonsaiadvanced.com\/fr\/analyse-spectrale\/","title":{"rendered":"Analyse Spectrale"},"content":{"rendered":"<p><div class=\"fusion-fullwidth fullwidth-box fusion-builder-row-1 hundred-percent-fullwidth non-hundred-percent-height-scrolling\" style=\"--awb-border-radius-top-left:0px;--awb-border-radius-top-right:0px;--awb-border-radius-bottom-right:0px;--awb-border-radius-bottom-left:0px;--awb-overflow:visible;--awb-flex-wrap:wrap;\" ><div class=\"fusion-builder-row fusion-row\"><div class=\"fusion-layout-column fusion_builder_column fusion-builder-column-0 fusion_builder_column_1_1 1_1 fusion-one-full fusion-column-first fusion-column-last fusion-column-no-min-height\" style=\"--awb-bg-size:cover;--awb-margin-bottom:0px;\"><div class=\"fusion-column-wrapper fusion-flex-column-wrapper-legacy\">\n\t\t\t\t<p class=\"rs-p-wp-fix\"><\/p>\n\t\t\t\t<sr7-module data-alias=\"slider2021-fr\" data-id=\"28\" id=\"SR7_28_1\" data-version=\"7.0.4\">\n\t\t\t\t\t<sr7-adjuster><\/sr7-adjuster>\n\t\t\t\t\t<sr7-content>\n\t\t\t\t\t\t<sr7-slide id=\"SR7_28_1-79\" data-key=\"79\">\n\t\t\t\t\t\t\t<sr7-bg id=\"SR7_28_1-79-8\" class=\"sr7-layer\"><noscript><img decoding=\"async\" src=\"https:\/\/www.bonsaiadvanced.com\/wp-content\/uploads\/2025\/09\/fondo-sciaps2.jpg\" alt=\"\" title=\"fondo-sciaps2\"><\/noscript><\/sr7-bg>\n\t\t\t\t\t\t\t<sr7-txt id=\"SR7_28_1-79-3\" class=\"sr7-layer\">SciAps reveNIR<\/sr7-txt>\n\t\t\t\t\t\t\t<sr7-txt id=\"SR7_28_1-79-6\" class=\"sr7-layer\">Spectrom\u00e8tre portable vis-NIR pour l\u2019exploration min\u00e9rale, avec applications en g\u00e9ologie, sols et agriculture.<\/sr7-txt>\n\t\t\t\t\t\t<\/sr7-slide>\n\t\t\t\t\t\t<sr7-slide id=\"SR7_28_1-80\" data-key=\"80\">\n\t\t\t\t\t\t\t<sr7-bg id=\"SR7_28_1-80-8\" class=\"sr7-layer\"><noscript><img decoding=\"async\" src=\"https:\/\/www.bonsaiadvanced.com\/wp-content\/uploads\/2025\/10\/BAT-Sliders-agriculture.jpg\" alt=\"\" title=\"BAT-Sliders-agriculture\"><\/noscript><\/sr7-bg>\n\t\t\t\t\t\t\t<sr7-txt id=\"SR7_28_1-80-3\" class=\"sr7-layer\">LabSpec 4 Hi-Res <\/sr7-txt>\n\t\t\t\t\t\t\t<sr7-txt id=\"SR7_28_1-80-6\" class=\"sr7-layer\">Analyseur NIR \u00e0 haute r\u00e9solution spectrale pour l\u2019identification de caract\u00e9ristiques spectrales sp\u00e9cifiques<\/sr7-txt>\n\t\t\t\t\t\t<\/sr7-slide>\n\t\t\t\t\t\t<sr7-slide id=\"SR7_28_1-77\" data-key=\"77\">\n\t\t\t\t\t\t\t<sr7-txt id=\"SR7_28_1-77-3\" class=\"sr7-layer\">ULTRIS 20<\/sr7-txt>\n\t\t\t\t\t\t\t<sr7-txt id=\"SR7_28_1-77-6\" class=\"sr7-layer\">Nouvelle revolution hyperspectrale<br><span style=\"font-size:0.8em\">Capteur pl\u00e9noptique HSI 20 MP<\/span><\/sr7-txt>\n\t\t\t\t\t\t<\/sr7-slide>\n\t\t\t\t\t\t<sr7-slide id=\"SR7_28_1-81\" data-key=\"81\">\n\t\t\t\t\t\t\t<sr7-bg id=\"SR7_28_1-81-9\" class=\"sr7-layer\"><noscript><img decoding=\"async\" src=\"https:\/\/www.bonsaiadvanced.com\/wp-content\/uploads\/2025\/10\/Slider-fieldspec2.jpg\" alt=\"\" title=\"Slider-fieldspec2\"><\/noscript><\/sr7-bg>\n\t\t\t\t\t\t\t<sr7-txt id=\"SR7_28_1-81-3\" class=\"sr7-layer\">FieldSpec 4 Hi-Res<\/sr7-txt>\n\t\t\t\t\t\t\t<sr7-txt id=\"SR7_28_1-81-6\" class=\"sr7-layer\">Spectroradiom\u00e8tre haute r\u00e9solution pour les \u00e9tudes g\u00e9ologiques et la recherche atmosph\u00e9rique.<\/sr7-txt>\n\t\t\t\t\t\t<\/sr7-slide>\n\t\t\t\t\t\t<sr7-slide id=\"SR7_28_1-82\" data-key=\"82\">\n\t\t\t\t\t\t<\/sr7-slide>\n\t\t\t\t\t<\/sr7-content>\n\t\t\t\t\t<image_lists style=\"display:none\">\n\t\t\t\t\t\t<img data-src=\"\/\/www.bonsaiadvanced.com\/wp-content\/uploads\/2021\/01\/product2.png\" data-libid=\"12300\" title=\"product2\" width=\"0\" height=\"0\" data-dbsrc=\"Ly93d3cuYm9uc2FpYWR2YW5jZWQuY29tL3dwLWNvbnRlbnQvdXBsb2Fkcy8yMDIxLzAxL3Byb2R1Y3QyLnBuZw==\"\/>\n\t\t\t\t\t\t<img data-src=\"\/\/www.bonsaiadvanced.com\/wp-content\/uploads\/2021\/01\/Gradient.png\" data-libid=\"12301\" title=\"Gradient\" width=\"0\" height=\"0\" data-dbsrc=\"Ly93d3cuYm9uc2FpYWR2YW5jZWQuY29tL3dwLWNvbnRlbnQvdXBsb2Fkcy8yMDIxLzAxL0dyYWRpZW50LnBuZw==\"\/>\n\t\t\t\t\t\t<img data-src=\"\/\/www.bonsaiadvanced.com\/wp-content\/uploads\/2021\/01\/BATlogoBlanco-1.png\" data-libid=\"12302\" title=\"BATlogoBlanco\" width=\"0\" height=\"0\" data-dbsrc=\"Ly93d3cuYm9uc2FpYWR2YW5jZWQuY29tL3dwLWNvbnRlbnQvdXBsb2Fkcy8yMDIxLzAxL0JBVGxvZ29CbGFuY28tMS5wbmc=\"\/>\n\t\t\t\t\t\t<img data-src=\"\/\/www.bonsaiadvanced.com\/wp-content\/uploads\/2021\/01\/MeatAnalyzer-Producto.png\" data-libid=\"12297\" title=\"MeatAnalyzer-Producto\" width=\"0\" height=\"0\" data-dbsrc=\"Ly93d3cuYm9uc2FpYWR2YW5jZWQuY29tL3dwLWNvbnRlbnQvdXBsb2Fkcy8yMDIxLzAxL01lYXRBbmFseXplci1Qcm9kdWN0by5wbmc=\"\/>\n\t\t\t\t\t\t<img data-src=\"\/\/www.bonsaiadvanced.com\/wp-content\/uploads\/2021\/01\/MeatAnalizer-Logo.png\" data-libid=\"12296\" title=\"MeatAnalizer-Logo\" width=\"0\" height=\"0\" data-dbsrc=\"Ly93d3cuYm9uc2FpYWR2YW5jZWQuY29tL3dwLWNvbnRlbnQvdXBsb2Fkcy8yMDIxLzAxL01lYXRBbmFsaXplci1Mb2dvLnBuZw==\"\/>\n\t\t\t\t\t\t<img data-src=\"\/\/www.bonsaiadvanced.com\/wp-content\/uploads\/2021\/01\/meatbackground.png\" data-libid=\"12298\" data-lib=\"medialibrary\" title=\"meatbackground\" width=\"0\" height=\"0\" data-dbsrc=\"Ly93d3cuYm9uc2FpYWR2YW5jZWQuY29tL3dwLWNvbnRlbnQvdXBsb2Fkcy8yMDIxLzAxL21lYXRiYWNrZ3JvdW5kLnBuZw==\"\/>\n\t\t\t\t\t\t<img data-src=\"\/\/www.bonsaiadvanced.com\/wp-content\/uploads\/2021\/01\/Belsorpbanda.png\" data-libid=\"12364\" title=\"Belsorpbanda\" width=\"0\" height=\"0\" data-dbsrc=\"Ly93d3cuYm9uc2FpYWR2YW5jZWQuY29tL3dwLWNvbnRlbnQvdXBsb2Fkcy8yMDIxLzAxL0JlbHNvcnBiYW5kYS5wbmc=\"\/>\n\t\t\t\t\t\t<img data-src=\"\/\/www.bonsaiadvanced.com\/wp-content\/uploads\/2021\/01\/Gradient.png\" data-libid=\"12301\" title=\"Gradient\" width=\"0\" height=\"0\" data-dbsrc=\"Ly93d3cuYm9uc2FpYWR2YW5jZWQuY29tL3dwLWNvbnRlbnQvdXBsb2Fkcy8yMDIxLzAxL0dyYWRpZW50LnBuZw==\"\/>\n\t\t\t\t\t\t<img data-src=\"\/\/www.bonsaiadvanced.com\/wp-content\/uploads\/2021\/01\/bellogo-300x157.png\" data-libid=\"12365\" title=\"bellogo\" width=\"0\" height=\"0\" data-dbsrc=\"Ly93d3cuYm9uc2FpYWR2YW5jZWQuY29tL3dwLWNvbnRlbnQvdXBsb2Fkcy8yMDIxLzAxL2JlbGxvZ28tMzAweDE1Ny5wbmc=\"\/>\n\t\t\t\t\t\t<img data-src=\"\/\/www.bonsaiadvanced.com\/wp-content\/uploads\/2021\/01\/ARBOLES-1.png\" data-libid=\"12369\" title=\"ARBOLES\" width=\"0\" height=\"0\" data-dbsrc=\"Ly93d3cuYm9uc2FpYWR2YW5jZWQuY29tL3dwLWNvbnRlbnQvdXBsb2Fkcy8yMDIxLzAxL0FSQk9MRVMtMS5wbmc=\"\/>\n\t\t\t\t\t\t<img data-src=\"\/\/www.bonsaiadvanced.com\/wp-content\/uploads\/2021\/01\/ULTRISLOGO.png\" data-libid=\"12368\" title=\"ULTRISLOGO\" width=\"0\" height=\"0\" data-dbsrc=\"Ly93d3cuYm9uc2FpYWR2YW5jZWQuY29tL3dwLWNvbnRlbnQvdXBsb2Fkcy8yMDIxLzAxL1VMVFJJU0xPR08ucG5n\"\/>\n\t\t\t\t\t\t<img data-src=\"\/\/www.bonsaiadvanced.com\/wp-content\/uploads\/2021\/01\/ULTRISMACHINE.png\" data-libid=\"12367\" title=\"ULTRISMACHINE\" width=\"0\" height=\"0\" data-dbsrc=\"Ly93d3cuYm9uc2FpYWR2YW5jZWQuY29tL3dwLWNvbnRlbnQvdXBsb2Fkcy8yMDIxLzAxL1VMVFJJU01BQ0hJTkUucG5n\"\/>\n\t\t\t\t\t\t<img data-src=\"\/\/www.bonsaiadvanced.com\/wp-content\/uploads\/2021\/01\/BATlogoBlanco-1.png\" data-libid=\"12302\" title=\"BATlogoBlanco\" width=\"0\" height=\"0\" data-dbsrc=\"Ly93d3cuYm9uc2FpYWR2YW5jZWQuY29tL3dwLWNvbnRlbnQvdXBsb2Fkcy8yMDIxLzAxL0JBVGxvZ29CbGFuY28tMS5wbmc=\"\/>\n\t\t\t\t\t\t<img data-src=\"\/\/www.bonsaiadvanced.com\/wp-content\/uploads\/2021\/01\/BAT-Sliders-Youtube.jpg\" data-libid=\"12375\" data-lib=\"medialibrary\" title=\"BAT-Sliders-Youtube\" width=\"0\" height=\"0\" data-dbsrc=\"Ly93d3cuYm9uc2FpYWR2YW5jZWQuY29tL3dwLWNvbnRlbnQvdXBsb2Fkcy8yMDIxLzAxL0JBVC1TbGlkZXJzLVlvdXR1YmUuanBn\"\/>\n\t\t\t\t\t\t<img data-src=\"\/\/www.bonsaiadvanced.com\/wp-content\/uploads\/2025\/09\/SciAps-MP.jpg\" data-libid=\"22155\" title=\"SciAps-MP\" width=\"0\" height=\"0\" data-dbsrc=\"Ly93d3cuYm9uc2FpYWR2YW5jZWQuY29tL3dwLWNvbnRlbnQvdXBsb2Fkcy8yMDI1LzA5L1NjaUFwcy1NUC5qcGc=\"\/>\n\t\t\t\t\t\t<img data-src=\"\/\/www.bonsaiadvanced.com\/wp-content\/uploads\/2025\/09\/reveNIR_2_small.png\" data-libid=\"22149\" title=\"reveNIR_2_small\" width=\"0\" height=\"0\" data-dbsrc=\"Ly93d3cuYm9uc2FpYWR2YW5jZWQuY29tL3dwLWNvbnRlbnQvdXBsb2Fkcy8yMDI1LzA5L3JldmVOSVJfMl9zbWFsbC5wbmc=\"\/>\n\t\t\t\t\t\t<img data-src=\"\/\/www.bonsaiadvanced.com\/wp-content\/uploads\/2025\/09\/fondo-sciaps2.jpg\" data-libid=\"22157\" data-lib=\"medialibrary\" title=\"fondo-sciaps2\" width=\"0\" height=\"0\" data-dbsrc=\"Ly93d3cuYm9uc2FpYWR2YW5jZWQuY29tL3dwLWNvbnRlbnQvdXBsb2Fkcy8yMDI1LzA5L2ZvbmRvLXNjaWFwczIuanBn\"\/>\n\t\t\t\t\t\t<img data-src=\"\/\/www.bonsaiadvanced.com\/wp-content\/uploads\/2025\/10\/labspec4.png\" data-libid=\"22180\" title=\"labspec4\" width=\"0\" height=\"0\" data-dbsrc=\"Ly93d3cuYm9uc2FpYWR2YW5jZWQuY29tL3dwLWNvbnRlbnQvdXBsb2Fkcy8yMDI1LzEwL2xhYnNwZWM0LnBuZw==\"\/>\n\t\t\t\t\t\t<img data-src=\"\/\/www.bonsaiadvanced.com\/wp-content\/uploads\/2025\/10\/BAT-Sliders-agriculture.jpg\" data-libid=\"22182\" data-lib=\"medialibrary\" title=\"BAT-Sliders-agriculture\" width=\"0\" height=\"0\" data-dbsrc=\"Ly93d3cuYm9uc2FpYWR2YW5jZWQuY29tL3dwLWNvbnRlbnQvdXBsb2Fkcy8yMDI1LzEwL0JBVC1TbGlkZXJzLWFncmljdWx0dXJlLmpwZw==\"\/>\n\t\t\t\t\t\t<img data-src=\"\/\/www.bonsaiadvanced.com\/wp-content\/uploads\/2025\/10\/fieldspec4.png\" data-libid=\"22213\" title=\"fieldspec4\" width=\"0\" height=\"0\" data-dbsrc=\"Ly93d3cuYm9uc2FpYWR2YW5jZWQuY29tL3dwLWNvbnRlbnQvdXBsb2Fkcy8yMDI1LzEwL2ZpZWxkc3BlYzQucG5n\"\/>\n\t\t\t\t\t\t<img data-src=\"\/\/www.bonsaiadvanced.com\/wp-content\/uploads\/2025\/10\/image001.png\" data-libid=\"22215\" title=\"image001\" width=\"0\" height=\"0\" data-dbsrc=\"Ly93d3cuYm9uc2FpYWR2YW5jZWQuY29tL3dwLWNvbnRlbnQvdXBsb2Fkcy8yMDI1LzEwL2ltYWdlMDAxLnBuZw==\"\/>\n\t\t\t\t\t\t<img data-src=\"\/\/www.bonsaiadvanced.com\/wp-content\/uploads\/2025\/10\/Slider-fieldspec2.jpg\" data-libid=\"22219\" data-lib=\"medialibrary\" title=\"Slider-fieldspec2\" width=\"0\" height=\"0\" data-dbsrc=\"Ly93d3cuYm9uc2FpYWR2YW5jZWQuY29tL3dwLWNvbnRlbnQvdXBsb2Fkcy8yMDI1LzEwL1NsaWRlci1maWVsZHNwZWMyLmpwZw==\"\/>\n\t\t\t\t\t<\/image_lists>\n\t\t\t\t<\/sr7-module>\n\t\t\t\t<script>\n\t\t\t\t\twindow.SR7??={}; SR7.PMH ??={}; SR7.PMH[\"SR7_28_1\"] = {cn:100,state:false,fn: function() { if (window._tpt!==undefined && window._tpt.prepareModuleHeight !== undefined) {  _tpt.prepareModuleHeight({id:\"SR7_28_1\",el:[450,450,350,520,400],type:'standard',gh:[450,450,350,520,400],gw:[1920,1920,1024,778,480],vpt:['-200px&#039;,&#039;-200px&#039;,&#039;-200px&#039;,&#039;-200px&#039;,&#039;-200px'],size:{fullWidth:true, fullHeight:false},mh:'0',onh:0,onw:0,bg:{color:'{\"orig\":\"transparent\",\"type\":\"solid\",\"string\":\"transparent\"}'},plType:'0',plColor:'#FFFFFF'});   SR7.PMH[\"SR7_28_1\"].state=true;} else if(SR7.PMH[\"SR7_28_1\"].cn-->0)\tsetTimeout( SR7.PMH[\"SR7_28_1\"].fn,19);}};SR7.PMH[\"SR7_28_1\" ].fn();\n\t\t\t\t<\/script>\n<div class=\"fusion-clearfix\"><\/div><\/div><\/div><\/div><\/div><div class=\"fusion-fullwidth fullwidth-box fusion-builder-row-2 nonhundred-percent-fullwidth non-hundred-percent-height-scrolling\" style=\"--awb-background-position:left top;--awb-border-sizes-top:0px;--awb-border-sizes-bottom:0px;--awb-border-sizes-left:0px;--awb-border-sizes-right:0px;--awb-border-radius-top-left:0px;--awb-border-radius-top-right:0px;--awb-border-radius-bottom-right:0px;--awb-border-radius-bottom-left:0px;--awb-padding-top:20px;--awb-padding-bottom:20px;--awb-flex-wrap:wrap;\" ><div class=\"fusion-builder-row fusion-row\"><div class=\"fusion-layout-column fusion_builder_column fusion-builder-column-1 fusion_builder_column_1_1 1_1 fusion-one-full fusion-column-first fusion-column-last fusion-column-no-min-height\" style=\"--awb-bg-size:cover;--awb-margin-bottom:50px;\"><div class=\"fusion-column-wrapper fusion-flex-column-wrapper-legacy\"><div class=\"fusion-text fusion-text-1\"><h1 style=\"text-align: center; padding-top: 40px;\">Sp\u00e9cialistes en spectroscopie NIR et en imagerie hyperspectrale.<\/h1>\n<\/div><div class=\"fusion-clearfix\"><\/div><\/div><\/div><div class=\"fusion-layout-column fusion_builder_column fusion-builder-column-2 fusion_builder_column_1_1 1_1 fusion-one-full fusion-column-first fusion-column-last fusion-column-no-min-height\" style=\"--awb-bg-size:cover;--awb-margin-bottom:0px;\"><div class=\"fusion-column-wrapper fusion-flex-column-wrapper-legacy\"><div class=\"fusion-content-boxes content-boxes columns row fusion-columns-3 fusion-columns-total-3 fusion-content-boxes-1 content-boxes-icon-on-top content-left\" style=\"--awb-margin-top:50px;--awb-margin-bottom:x;--awb-hover-accent-color:#00a7e7;--awb-circle-hover-accent-color:#00a7e7;\" data-animationOffset=\"top-into-view\"><div style=\"--awb-backgroundcolor:transparent;\" class=\"fusion-column content-box-column content-box-column content-box-column-1 col-lg-4 col-md-4 col-sm-4 fusion-content-box-hover content-box-column-first-in-row\"><div class=\"col content-box-wrapper content-wrapper link-area-box link-type-text icon-hover-animation-fade\" data-link=\"\/fr\/productos\/analisis-espectral\/analizadores-nir\/\" data-link-target=\"_self\" data-animationOffset=\"top-into-view\"><div class=\"heading heading-with-icon icon-left\"><a class=\"heading-link\" href=\"\/fr\/productos\/analisis-espectral\/analizadores-nir\/\" target=\"_self\"><div aria-hidden=\"true\" class=\"image\"><img decoding=\"async\" src=\"https:\/\/www.bonsaiadvanced.com\/wp-content\/uploads\/2016\/03\/Meat_analyzer.jpg\" width=\"200\" height=\"150\" alt=\"\" \/><\/div><\/a><\/div><div class=\"fusion-clearfix\"><\/div><div class=\"content-container\">\n<p class=\"tittxt\">ANALYSEURS NIR<\/p>\n<\/div><div class=\"fusion-clearfix\"><\/div><a class=\" fusion-read-more\" href=\"\/fr\/productos\/analisis-espectral\/analizadores-nir\/\" target=\"_self\">Plus de d\u00e9tails<\/a><div class=\"fusion-clearfix\"><\/div><\/div><\/div><div style=\"--awb-backgroundcolor:transparent;\" class=\"fusion-column content-box-column content-box-column content-box-column-2 col-lg-4 col-md-4 col-sm-4 fusion-content-box-hover \"><div class=\"col content-box-wrapper content-wrapper link-area-box link-type-text icon-hover-animation-fade\" data-link=\"\/fr\/productos\/analisis-espectral\/imagen-hiperespectral\/\" data-link-target=\"_self\" data-animationOffset=\"top-into-view\"><div class=\"heading heading-with-icon icon-left\"><a class=\"heading-link\" href=\"\/fr\/productos\/analisis-espectral\/imagen-hiperespectral\/\" target=\"_self\"><div aria-hidden=\"true\" class=\"image\"><img decoding=\"async\" src=\"https:\/\/www.bonsaiadvanced.com\/wp-content\/uploads\/2016\/04\/analisis-espectral-2-imagen-hiperespectral.jpg\" width=\"200\" height=\"150\" alt=\"\" \/><\/div><\/a><\/div><div class=\"fusion-clearfix\"><\/div><div class=\"content-container\">\n<p class=\"tittxt\">IMAGERIE HYPERSPECTRALE<\/p>\n<\/div><div class=\"fusion-clearfix\"><\/div><a class=\" fusion-read-more\" href=\"\/fr\/productos\/analisis-espectral\/imagen-hiperespectral\/\" target=\"_self\">Plus de d\u00e9tails<\/a><div class=\"fusion-clearfix\"><\/div><\/div><\/div><div style=\"--awb-backgroundcolor:transparent;\" class=\"fusion-column content-box-column content-box-column content-box-column-3 col-lg-4 col-md-4 col-sm-4 fusion-content-box-hover content-box-column-last content-box-column-last-in-row\"><div class=\"col content-box-wrapper content-wrapper link-area-box link-type-text icon-hover-animation-fade\" data-link=\"\/fr\/productos\/analisis-espectral\/remote-sensing\/\" data-link-target=\"_self\" data-animationOffset=\"top-into-view\"><div class=\"heading heading-with-icon icon-left\"><a class=\"heading-link\" href=\"\/fr\/productos\/analisis-espectral\/remote-sensing\/\" target=\"_self\"><div aria-hidden=\"true\" class=\"image\"><img decoding=\"async\" src=\"https:\/\/www.bonsaiadvanced.com\/wp-content\/uploads\/2016\/04\/analisis-espectral-3-remote-sensing.jpg\" width=\"200\" height=\"150\" alt=\"\" \/><\/div><\/a><\/div><div class=\"fusion-clearfix\"><\/div><div class=\"content-container\">\n<p class=\"tittxt\">T\u00c9L\u00c9D\u00c9TECTION<\/p>\n<\/div><div class=\"fusion-clearfix\"><\/div><a class=\" fusion-read-more\" href=\"\/fr\/productos\/analisis-espectral\/remote-sensing\/\" target=\"_self\">Plus de d\u00e9tails<\/a><div class=\"fusion-clearfix\"><\/div><\/div><\/div><div class=\"fusion-clearfix\"><\/div><\/div><div class=\"fusion-clearfix\"><\/div><\/div><\/div><div class=\"fusion-layout-column fusion_builder_column fusion-builder-column-3 fusion_builder_column_1_1 1_1 fusion-one-full fusion-column-first fusion-column-last fusion-column-no-min-height\" style=\"--awb-bg-size:cover;--awb-margin-top:50px;--awb-margin-bottom:0px;\"><div class=\"fusion-column-wrapper fusion-column-has-shadow fusion-flex-column-wrapper-legacy\"><div class=\"fusion-title title fusion-title-1 fusion-sep-none fusion-title-center fusion-title-text fusion-title-size-four\" style=\"--awb-text-color:#003372;--awb-margin-top-small:0px;--awb-margin-right-small:0px;--awb-margin-bottom-small:20px;--awb-margin-left-small:0px;--awb-font-size:26px;\"><h4 class=\"fusion-title-heading title-heading-center\" style=\"margin:0;font-size:1em;\"><p style=\"text-align: center;\">NOS MARQUES<\/p><\/h4><\/div><div class=\"fusion-clearfix\"><\/div><\/div><\/div><div class=\"fusion-layout-column fusion_builder_column fusion-builder-column-4 fusion_builder_column_1_4 1_4 fusion-one-fourth fusion-column-first\" style=\"--awb-bg-size:cover;width:25%;width:calc(25% - ( ( 4% + 4% ) * 0.25 ) );margin-right: 4%;\"><div class=\"fusion-column-wrapper fusion-column-has-shadow fusion-flex-column-wrapper-legacy\"><div class=\"fusion-clearfix\"><\/div><\/div><\/div><div class=\"fusion-layout-column fusion_builder_column fusion-builder-column-5 fusion_builder_column_1_2 1_2 fusion-one-half fusion-column-no-min-height\" style=\"--awb-bg-size:cover;--awb-margin-bottom:0px;width:50%;width:calc(50% - ( ( 4% + 4% ) * 0.5 ) );margin-right: 4%;\"><div class=\"fusion-column-wrapper fusion-flex-column-wrapper-legacy\"><div class=\"fusion-image-carousel fusion-image-carousel-fixed fusion-image-carousel-1 lightbox-enabled\"><div class=\"awb-carousel awb-swiper awb-swiper-carousel awb-carousel--carousel awb-swiper-dots-position-bottom\" data-layout=\"carousel\" data-autoplay=\"no\" data-autoplayspeed=\"2500\" data-autoplaypause=\"no\" data-columns=\"5\" data-columnsmedium=\"1\" data-columnssmall=\"1\" data-itemmargin=\"13\" data-itemwidth=\"180\" data-touchscroll=\"no\" data-freemode=\"no\" data-imagesize=\"fixed\" data-scrollitems=\"0\" data-centeredslides=\"no\" data-rotationangle=\"50\" data-depth=\"100\" data-speed=\"500\" data-shadow=\"no\" data-pagination=\"bullets\" style=\"--awb-dots-align:center;\"><div class=\"swiper-wrapper awb-image-carousel-wrapper fusion-flex-align-items-center\"><div class=\"swiper-slide\"><div class=\"fusion-carousel-item-wrapper\"><div class=\"fusion-image-wrapper hover-type-none\"><a data-rel=\"iLightbox[image_carousel_1]\" data-title=\"logo_cubert\" aria-label=\"logo_cubert\" href=\"http:\/\/cubert-gmbh.de\/\" target=\"_blank\" rel=\"noopener noreferrer\"><img decoding=\"async\" width=\"155\" height=\"113\" src=\"https:\/\/www.bonsaiadvanced.com\/wp-content\/uploads\/2016\/03\/logo_cubert.png\" class=\"attachment-blog-medium size-blog-medium\" alt=\"\" \/><\/a><\/div><\/div><\/div><div class=\"swiper-slide\"><div class=\"fusion-carousel-item-wrapper\"><div class=\"fusion-image-wrapper hover-type-none\"><a data-rel=\"iLightbox[image_carousel_1]\" data-title=\"sciaps-logohome\" aria-label=\"sciaps-logohome\" href=\"https:\/\/www.malvernpanalytical.com\/es\/products\/category\/near-infra-red-spectrometers\" target=\"_blank\" rel=\"noopener noreferrer\"><img decoding=\"async\" width=\"155\" height=\"113\" src=\"https:\/\/www.bonsaiadvanced.com\/wp-content\/uploads\/2025\/09\/sciaps-logohome.png\" class=\"attachment-blog-medium size-blog-medium\" alt=\"\" \/><\/a><\/div><\/div><\/div><\/div><div class=\"awb-swiper-button awb-swiper-button-prev\"><i class=\"awb-icon-angle-left\" aria-hidden=\"true\"><\/i><\/div><div class=\"awb-swiper-button awb-swiper-button-next\"><i class=\"awb-icon-angle-right\" aria-hidden=\"true\"><\/i><\/div><\/div><\/div><div class=\"fusion-clearfix\"><\/div><\/div><\/div><div class=\"fusion-layout-column fusion_builder_column fusion-builder-column-6 fusion_builder_column_1_4 1_4 fusion-one-fourth fusion-column-last\" style=\"--awb-bg-size:cover;width:25%;width:calc(25% - ( ( 4% + 4% ) * 0.25 ) );\"><div class=\"fusion-column-wrapper fusion-column-has-shadow fusion-flex-column-wrapper-legacy\"><div class=\"fusion-clearfix\"><\/div><\/div><\/div><\/div><\/div><div class=\"fusion-fullwidth fullwidth-box fusion-builder-row-3 hundred-percent-fullwidth non-hundred-percent-height-scrolling\" style=\"--awb-border-radius-top-left:0px;--awb-border-radius-top-right:0px;--awb-border-radius-bottom-right:0px;--awb-border-radius-bottom-left:0px;--awb-overflow:visible;--awb-flex-wrap:wrap;\" ><div class=\"fusion-builder-row fusion-row\"><div class=\"fusion-layout-column fusion_builder_column fusion-builder-column-7 fusion_builder_column_1_1 1_1 fusion-one-full fusion-column-first fusion-column-last fusion-column-no-min-height\" style=\"--awb-bg-size:cover;--awb-margin-bottom:0px;\"><div class=\"fusion-column-wrapper fusion-flex-column-wrapper-legacy\"><div class=\"fusion-clearfix\"><\/div><\/div><\/div><\/div><\/div><\/p>\n","protected":false},"excerpt":{"rendered":"","protected":false},"author":1,"featured_media":0,"parent":0,"menu_order":0,"comment_status":"closed","ping_status":"closed","template":"","meta":{"rs_blank_template":"","rs_page_bg_color":"","slide_template_v7":"","footnotes":""},"class_list":["post-18517","page","type-page","status-publish","hentry"],"_links":{"self":[{"href":"https:\/\/www.bonsaiadvanced.com\/fr\/wp-json\/wp\/v2\/pages\/18517","targetHints":{"allow":["GET"]}}],"collection":[{"href":"https:\/\/www.bonsaiadvanced.com\/fr\/wp-json\/wp\/v2\/pages"}],"about":[{"href":"https:\/\/www.bonsaiadvanced.com\/fr\/wp-json\/wp\/v2\/types\/page"}],"author":[{"embeddable":true,"href":"https:\/\/www.bonsaiadvanced.com\/fr\/wp-json\/wp\/v2\/users\/1"}],"replies":[{"embeddable":true,"href":"https:\/\/www.bonsaiadvanced.com\/fr\/wp-json\/wp\/v2\/comments?post=18517"}],"version-history":[{"count":6,"href":"https:\/\/www.bonsaiadvanced.com\/fr\/wp-json\/wp\/v2\/pages\/18517\/revisions"}],"predecessor-version":[{"id":22225,"href":"https:\/\/www.bonsaiadvanced.com\/fr\/wp-json\/wp\/v2\/pages\/18517\/revisions\/22225"}],"wp:attachment":[{"href":"https:\/\/www.bonsaiadvanced.com\/fr\/wp-json\/wp\/v2\/media?parent=18517"}],"curies":[{"name":"wp","href":"https:\/\/api.w.org\/{rel}","templated":true}]}}